{"id":97345,"date":"2025-12-23T17:13:56","date_gmt":"2025-12-23T16:13:56","guid":{"rendered":"https:\/\/meestermokka.nl\/winkel\/product\/een-nieuw-begin\/"},"modified":"2026-03-17T22:53:15","modified_gmt":"2026-03-17T21:53:15","slug":"een-nieuw-begin","status":"publish","type":"product","link":"https:\/\/meestermokka.nl\/winkel\/product\/een-nieuw-begin\/","title":{"rendered":"Een nieuw begin"},"content":{"rendered":"<p>Voor de eendagsvlieg is alles nieuw. \u2018Maar hij wist wel dat hij maar \u00e9\u00e9n dag had, en dat \u00e9\u00e9n dag lang kon lijken, maar in werkelijkheid maar heel kort was, en voorbij voor hij goed en wel begonnen was.\u2019 De olifant blijft steeds vol goede moed weer in de boom klimmen om bovenin een dansje te maken. En de kikker, die van de anderen minder vaak mag kwaken, besluit morgen anders te gaan leven om elke dag nieuwe dingen mee te maken.<\/p>\n<p>Er is altijd wel iets om naar uit te kijken.<\/p>\n<p><\/p>\n<p>In <em>Een nieuw begin <\/em>verzamelde Toon Tellegen zijn mooiste dierenverhalen die sprankelen van hoop en goede voornemens.<\/p>\n<p><\/p>\n","protected":false},"excerpt":{"rendered":"<p>Voor de eendagsvlieg is alles nieuw. \u2018Maar hij wist wel dat hij maar \u00e9\u00e9n dag had, en dat \u00e9\u00e9n dag<\/p>\n","protected":false},"featured_media":97343,"comment_status":"open","ping_status":"closed","template":"","meta":{"_acf_changed":false},"product_brand":[],"product_cat":[18,59,60],"product_tag":[],"class_list":{"0":"post-97345","1":"product","2":"type-product","3":"status-publish","4":"has-post-thumbnail","6":"product_cat-boeken","7":"product_cat-boeken-voor-grote-mensen","8":"product_cat-volwassenen","9":"product_shipping_class-pakket","11":"first","12":"instock","13":"taxable","14":"shipping-taxable","15":"purchasable","16":"product-type-simple"},"acf":{"auteur":false,"illustrator":false},"jetpack_sharing_enabled":true,"_links":{"self":[{"href":"https:\/\/meestermokka.nl\/winkel\/wp-json\/wp\/v2\/product\/97345","targetHints":{"allow":["GET"]}}],"collection":[{"href":"https:\/\/meestermokka.nl\/winkel\/wp-json\/wp\/v2\/product"}],"about":[{"href":"https:\/\/meestermokka.nl\/winkel\/wp-json\/wp\/v2\/types\/product"}],"replies":[{"embeddable":true,"href":"https:\/\/meestermokka.nl\/winkel\/wp-json\/wp\/v2\/comments?post=97345"}],"wp:featuredmedia":[{"embeddable":true,"href":"https:\/\/meestermokka.nl\/winkel\/wp-json\/wp\/v2\/media\/97343"}],"wp:attachment":[{"href":"https:\/\/meestermokka.nl\/winkel\/wp-json\/wp\/v2\/media?parent=97345"}],"wp:term":[{"taxonomy":"product_brand","embeddable":true,"href":"https:\/\/meestermokka.nl\/winkel\/wp-json\/wp\/v2\/product_brand?post=97345"},{"taxonomy":"product_cat","embeddable":true,"href":"https:\/\/meestermokka.nl\/winkel\/wp-json\/wp\/v2\/product_cat?post=97345"},{"taxonomy":"product_tag","embeddable":true,"href":"https:\/\/meestermokka.nl\/winkel\/wp-json\/wp\/v2\/product_tag?post=97345"}],"curies":[{"name":"wp","href":"https:\/\/api.w.org\/{rel}","templated":true}]}}