{"id":90180,"date":"2025-11-11T08:42:26","date_gmt":"2025-11-11T07:42:26","guid":{"rendered":"https:\/\/meestermokka.nl\/winkel\/product\/maantje-verhuist-de-zee\/"},"modified":"2026-03-17T22:52:59","modified_gmt":"2026-03-17T21:52:59","slug":"maantje-verhuist-de-zee","status":"publish","type":"product","link":"https:\/\/meestermokka.nl\/winkel\/product\/maantje-verhuist-de-zee\/","title":{"rendered":"Maantje verhuist de zee"},"content":{"rendered":"<p>Maantje kijkt uit over de golven. \u2018Ik sta de zee te verhuizen,\u2019 zegt ze. \u2018Een week geleden is oma verhuisd, eerst woonde ze in de wereld, nu woont ze in mijn hoofd. Ze zwom graag in zee. Dus nu verhuis ik de zee naar mijn hoofd, dan kan ze daar ook zwemmen.\u2019<\/p>\n<p>Maantje is een meisje vol verhalen. Ze kan ze niet alleen bedenken en vertellen, ze kan ze ook mooi opschrijven. Als oma z\u00f3 ziek is dat ze niet meer beter kan worden, schrijft Maantje een verhaal voor haar, om haar nog \u00e9\u00e9n keer vrolijk te maken. Dat lukt.<br \/>\nAls oma er niet meer is, moet Maantje verhalen verzinnen om zelf weer vrolijk te worden. Dat lukt ook.<\/p>\n","protected":false},"excerpt":{"rendered":"<p>Maantje kijkt uit over de golven. \u2018Ik sta de zee te verhuizen,\u2019 zegt ze. \u2018Een week geleden is oma verhuisd,<\/p>\n","protected":false},"featured_media":90178,"comment_status":"open","ping_status":"closed","template":"","meta":{"_acf_changed":false},"product_brand":[],"product_cat":[18,19,71],"product_tag":[],"class_list":{"0":"post-90180","1":"product","2":"type-product","3":"status-publish","4":"has-post-thumbnail","6":"product_cat-boeken","7":"product_cat-kinderboeken","8":"product_cat-kinderboeken-8","9":"product_shipping_class-pakket","10":"pa_auteur-sjoerd-kuyper","11":"pa_illustrator-sanne-te-loo","12":"pa_uitgever-hoogland-van-klaveren-uitgeverij","14":"first","15":"instock","16":"taxable","17":"shipping-taxable","18":"purchasable","19":"product-type-simple"},"acf":{"auteur":[1110],"illustrator":[1111]},"jetpack_sharing_enabled":true,"_links":{"self":[{"href":"https:\/\/meestermokka.nl\/winkel\/wp-json\/wp\/v2\/product\/90180","targetHints":{"allow":["GET"]}}],"collection":[{"href":"https:\/\/meestermokka.nl\/winkel\/wp-json\/wp\/v2\/product"}],"about":[{"href":"https:\/\/meestermokka.nl\/winkel\/wp-json\/wp\/v2\/types\/product"}],"replies":[{"embeddable":true,"href":"https:\/\/meestermokka.nl\/winkel\/wp-json\/wp\/v2\/comments?post=90180"}],"acf:term":[{"embeddable":true,"taxonomy":"pa_illustrator","href":"https:\/\/meestermokka.nl\/winkel\/wp-json\/wp\/v2\/pa_illustrator\/1111"},{"embeddable":true,"taxonomy":"pa_auteur","href":"https:\/\/meestermokka.nl\/winkel\/wp-json\/wp\/v2\/pa_auteur\/1110"}],"wp:featuredmedia":[{"embeddable":true,"href":"https:\/\/meestermokka.nl\/winkel\/wp-json\/wp\/v2\/media\/90178"}],"wp:attachment":[{"href":"https:\/\/meestermokka.nl\/winkel\/wp-json\/wp\/v2\/media?parent=90180"}],"wp:term":[{"taxonomy":"product_brand","embeddable":true,"href":"https:\/\/meestermokka.nl\/winkel\/wp-json\/wp\/v2\/product_brand?post=90180"},{"taxonomy":"product_cat","embeddable":true,"href":"https:\/\/meestermokka.nl\/winkel\/wp-json\/wp\/v2\/product_cat?post=90180"},{"taxonomy":"product_tag","embeddable":true,"href":"https:\/\/meestermokka.nl\/winkel\/wp-json\/wp\/v2\/product_tag?post=90180"}],"curies":[{"name":"wp","href":"https:\/\/api.w.org\/{rel}","templated":true}]}}