{"id":8822,"date":"2023-04-24T08:42:01","date_gmt":"2023-04-24T06:42:01","guid":{"rendered":"https:\/\/meestermokka.nl\/winkel\/product\/slipjacht\/"},"modified":"2026-04-01T21:24:18","modified_gmt":"2026-04-01T20:24:18","slug":"slipjacht","status":"publish","type":"product","link":"https:\/\/meestermokka.nl\/winkel\/product\/slipjacht\/","title":{"rendered":"Slipjacht"},"content":{"rendered":"<p>Verdwijnen. Dat is het enige waar Matteo aan kan denken als zijn vader zijn bloederige tekeningen ontdekt en hem naar een therapeut wil sturen. Tijdens het schoolkamp op de Veluwe gaat hij ervandoor.<\/p>\n<p>Maar Matteo is niet de enige in het bos. Er is iemand die n\u00f3g ongelukkiger, n\u00f3g driftiger en in elk geval v\u00e9\u00e9l gevaarlijker is dan hij. Iemand die de jacht op hem heeft geopend&#8230;<\/p>\n","protected":false},"excerpt":{"rendered":"<p>Verdwijnen. Dat is het enige waar Matteo aan kan denken als zijn vader zijn bloederige tekeningen ontdekt en hem naar<\/p>\n","protected":false},"featured_media":29496,"comment_status":"open","ping_status":"closed","template":"","meta":{"_acf_changed":false},"product_brand":[],"product_cat":[18,19,63],"product_tag":[],"class_list":{"0":"post-8822","1":"product","2":"type-product","3":"status-publish","4":"has-post-thumbnail","6":"product_cat-boeken","7":"product_cat-kinderboeken","8":"product_cat-kinderboeken-12","9":"product_shipping_class-pakket","10":"pa_auteur-jowi-schmitz","11":"pa_uitgever-kluitman-alkmaar-b-v-uitgeverij","13":"first","14":"instock","15":"taxable","16":"shipping-taxable","17":"purchasable","18":"product-type-simple"},"acf":{"auteur":[2168],"illustrator":false},"jetpack_sharing_enabled":true,"_links":{"self":[{"href":"https:\/\/meestermokka.nl\/winkel\/wp-json\/wp\/v2\/product\/8822","targetHints":{"allow":["GET"]}}],"collection":[{"href":"https:\/\/meestermokka.nl\/winkel\/wp-json\/wp\/v2\/product"}],"about":[{"href":"https:\/\/meestermokka.nl\/winkel\/wp-json\/wp\/v2\/types\/product"}],"replies":[{"embeddable":true,"href":"https:\/\/meestermokka.nl\/winkel\/wp-json\/wp\/v2\/comments?post=8822"}],"acf:term":[{"embeddable":true,"taxonomy":"pa_auteur","href":"https:\/\/meestermokka.nl\/winkel\/wp-json\/wp\/v2\/pa_auteur\/2168"}],"wp:featuredmedia":[{"embeddable":true,"href":"https:\/\/meestermokka.nl\/winkel\/wp-json\/wp\/v2\/media\/29496"}],"wp:attachment":[{"href":"https:\/\/meestermokka.nl\/winkel\/wp-json\/wp\/v2\/media?parent=8822"}],"wp:term":[{"taxonomy":"product_brand","embeddable":true,"href":"https:\/\/meestermokka.nl\/winkel\/wp-json\/wp\/v2\/product_brand?post=8822"},{"taxonomy":"product_cat","embeddable":true,"href":"https:\/\/meestermokka.nl\/winkel\/wp-json\/wp\/v2\/product_cat?post=8822"},{"taxonomy":"product_tag","embeddable":true,"href":"https:\/\/meestermokka.nl\/winkel\/wp-json\/wp\/v2\/product_tag?post=8822"}],"curies":[{"name":"wp","href":"https:\/\/api.w.org\/{rel}","templated":true}]}}