{"id":79066,"date":"2025-06-17T09:04:48","date_gmt":"2025-06-17T07:04:48","guid":{"rendered":"https:\/\/meestermokka.nl\/winkel\/product\/doeboek-voor-volwassenen-2\/"},"modified":"2026-03-17T22:52:08","modified_gmt":"2026-03-17T21:52:08","slug":"doeboek-voor-volwassenen-2","status":"publish","type":"product","link":"https:\/\/meestermokka.nl\/winkel\/product\/doeboek-voor-volwassenen-2\/","title":{"rendered":"DOEBOEK voor volwassenen"},"content":{"rendered":"<p>Dit is alweer het vierde Doeboek voor volwassenen, speciaal voor de zonnige zomermaanden! Het barst uit zijn voegen door een verscheidenheid aan puzzels, quizzen, opdrachten en raadsels die niet alleen dienen om de tijd te doden, maar ook om er iets van op te steken terwijl je jezelf vermaakt, bijvoorbeeld tijdens de zomervakantie maar ook thuis in de tuin of op het strand. Je kunt in ieder geval heel veel leren over van alles. Dit jaarlijkse Doeboek voor volwassenen wordt gemaakt door de kampioen van de Spaanse quizshow Saber y Ganar (Weten en winnen) Daniel L\u00f3pez Valle en gerenommeerd illustrator Crist\u00f3bal Fort\u00fanez. Het doeboek is in Spanje al jaren een verkoophit!<\/p>\n","protected":false},"excerpt":{"rendered":"<p>Dit is alweer het vierde Doeboek voor volwassenen, speciaal voor de zonnige zomermaanden! Het barst uit zijn voegen door een<\/p>\n","protected":false},"featured_media":79065,"comment_status":"open","ping_status":"closed","template":"","meta":{"_acf_changed":false},"product_brand":[],"product_cat":[18,59,60],"product_tag":[],"class_list":{"0":"post-79066","1":"product","2":"type-product","3":"status-publish","4":"has-post-thumbnail","6":"product_cat-boeken","7":"product_cat-boeken-voor-grote-mensen","8":"product_cat-volwassenen","9":"product_shipping_class-pakket","11":"first","12":"instock","13":"taxable","14":"shipping-taxable","15":"purchasable","16":"product-type-simple"},"acf":{"auteur":false,"illustrator":false},"jetpack_sharing_enabled":true,"_links":{"self":[{"href":"https:\/\/meestermokka.nl\/winkel\/wp-json\/wp\/v2\/product\/79066","targetHints":{"allow":["GET"]}}],"collection":[{"href":"https:\/\/meestermokka.nl\/winkel\/wp-json\/wp\/v2\/product"}],"about":[{"href":"https:\/\/meestermokka.nl\/winkel\/wp-json\/wp\/v2\/types\/product"}],"replies":[{"embeddable":true,"href":"https:\/\/meestermokka.nl\/winkel\/wp-json\/wp\/v2\/comments?post=79066"}],"wp:featuredmedia":[{"embeddable":true,"href":"https:\/\/meestermokka.nl\/winkel\/wp-json\/wp\/v2\/media\/79065"}],"wp:attachment":[{"href":"https:\/\/meestermokka.nl\/winkel\/wp-json\/wp\/v2\/media?parent=79066"}],"wp:term":[{"taxonomy":"product_brand","embeddable":true,"href":"https:\/\/meestermokka.nl\/winkel\/wp-json\/wp\/v2\/product_brand?post=79066"},{"taxonomy":"product_cat","embeddable":true,"href":"https:\/\/meestermokka.nl\/winkel\/wp-json\/wp\/v2\/product_cat?post=79066"},{"taxonomy":"product_tag","embeddable":true,"href":"https:\/\/meestermokka.nl\/winkel\/wp-json\/wp\/v2\/product_tag?post=79066"}],"curies":[{"name":"wp","href":"https:\/\/api.w.org\/{rel}","templated":true}]}}