{"id":77989,"date":"2025-05-30T08:48:38","date_gmt":"2025-05-30T06:48:38","guid":{"rendered":"https:\/\/meestermokka.nl\/winkel\/product\/pokemon-avonturen-in-stripvorm-op-zoek-naar-kingdra\/"},"modified":"2026-03-17T22:52:02","modified_gmt":"2026-03-17T21:52:02","slug":"pokemon-avonturen-in-stripvorm-op-zoek-naar-kingdra","status":"publish","type":"product","link":"https:\/\/meestermokka.nl\/winkel\/product\/pokemon-avonturen-in-stripvorm-op-zoek-naar-kingdra\/","title":{"rendered":"Pok\u00e9mon avonturen in stripvorm &#8211; Op zoek naar Kingdra"},"content":{"rendered":"<p>In dit supercoole Pok\u00e9mon leesboek vind je maar liefst 3 Pok\u00e9mon-avonturen in stripvorm:<\/p>\n<p>\u2022 In Op zoek naar Kingdra moet Goh een moeilijke opdracht voltooien om toegelaten te worden tot een bijzondere groep<br \/>\n  Pok\u00e9mon Trainers. Kan hij dit spannende onderwater-avontuur tot een goed einde brengen? <\/p>\n<p>\u2022 In Team Rocket heeft geluk willen Jessie, James en Meowth wraak nemen omdat Pikachu hun weer te slim af is geweest.<br \/>\n  Maar hun plan gaat niet van een leien dakje.<\/p>\n<p>\u2022 En in De laatste opdracht wacht Goh een enorme uitdaging: hij moet maar liefst twee Legendarische Pok\u00e9mon vangen in de<br \/>\n  Beslissingsru\u00efnes van Galar. Zal hij deze ultieme test doorstaan? <\/p>\n<p>Ideaal leesvoer voor Pok\u00e9monfans vanaf 7 jaar. Kwalitatieve hardback uitgave.<\/p>\n","protected":false},"excerpt":{"rendered":"<p>In dit supercoole Pok\u00e9mon leesboek vind je maar liefst 3 Pok\u00e9mon-avonturen in stripvorm: \u2022 In Op zoek naar Kingdra moet<\/p>\n","protected":false},"featured_media":77987,"comment_status":"open","ping_status":"closed","template":"","meta":{"_acf_changed":false},"product_brand":[],"product_cat":[18,19,71],"product_tag":[],"class_list":{"0":"post-77989","1":"product","2":"type-product","3":"status-publish","4":"has-post-thumbnail","6":"product_cat-boeken","7":"product_cat-kinderboeken","8":"product_cat-kinderboeken-8","9":"product_shipping_class-pakket","11":"first","12":"instock","13":"taxable","14":"shipping-taxable","15":"purchasable","16":"product-type-simple"},"acf":{"auteur":false,"illustrator":false},"jetpack_sharing_enabled":true,"_links":{"self":[{"href":"https:\/\/meestermokka.nl\/winkel\/wp-json\/wp\/v2\/product\/77989","targetHints":{"allow":["GET"]}}],"collection":[{"href":"https:\/\/meestermokka.nl\/winkel\/wp-json\/wp\/v2\/product"}],"about":[{"href":"https:\/\/meestermokka.nl\/winkel\/wp-json\/wp\/v2\/types\/product"}],"replies":[{"embeddable":true,"href":"https:\/\/meestermokka.nl\/winkel\/wp-json\/wp\/v2\/comments?post=77989"}],"wp:featuredmedia":[{"embeddable":true,"href":"https:\/\/meestermokka.nl\/winkel\/wp-json\/wp\/v2\/media\/77987"}],"wp:attachment":[{"href":"https:\/\/meestermokka.nl\/winkel\/wp-json\/wp\/v2\/media?parent=77989"}],"wp:term":[{"taxonomy":"product_brand","embeddable":true,"href":"https:\/\/meestermokka.nl\/winkel\/wp-json\/wp\/v2\/product_brand?post=77989"},{"taxonomy":"product_cat","embeddable":true,"href":"https:\/\/meestermokka.nl\/winkel\/wp-json\/wp\/v2\/product_cat?post=77989"},{"taxonomy":"product_tag","embeddable":true,"href":"https:\/\/meestermokka.nl\/winkel\/wp-json\/wp\/v2\/product_tag?post=77989"}],"curies":[{"name":"wp","href":"https:\/\/api.w.org\/{rel}","templated":true}]}}