{"id":77124,"date":"2025-05-16T08:48:33","date_gmt":"2025-05-16T06:48:33","guid":{"rendered":"https:\/\/meestermokka.nl\/winkel\/product\/pokemon-avonturen-in-stripvorm-de-ultieme-z-move\/"},"modified":"2026-03-17T22:51:59","modified_gmt":"2026-03-17T21:51:59","slug":"pokemon-avonturen-in-stripvorm-de-ultieme-z-move","status":"publish","type":"product","link":"https:\/\/meestermokka.nl\/winkel\/product\/pokemon-avonturen-in-stripvorm-de-ultieme-z-move\/","title":{"rendered":"Pok\u00e9mon avonturen in stripvorm &#8211; De ultieme z-move!"},"content":{"rendered":"<p>In deze Pok\u00e9mon graphic novel vind je 2 supercoole avonturen in stripvorm van Ash, Pikachu en de andere Pok\u00e9mon.<\/p>\n<p>In Een gemaskerde strijd bundelt Ash de krachten met de Masked Royal voor een gevecht tegen de Wrekers!<\/p>\n<p>En in Kahuna-gevecht reist Ash naar Ula&#8217;ula Eiland om de Eiland Kahuna Nanu uit te dagen voor een grote beproeving. Maar Nanu denkt dat Ash en zijn Pok\u00e9mon daar nog niet klaar voor zijn. Kan Ash bewijzen hoeveel talent hij heeft en het gevecht winnen?<\/p>\n<p>Ideaal leesvoer voor Pok\u00e9monfans vanaf 7 jaar!<\/p>\n","protected":false},"excerpt":{"rendered":"<p>In deze Pok\u00e9mon graphic novel vind je 2 supercoole avonturen in stripvorm van Ash, Pikachu en de andere Pok\u00e9mon. In<\/p>\n","protected":false},"featured_media":77122,"comment_status":"open","ping_status":"closed","template":"","meta":{"_acf_changed":false},"product_brand":[],"product_cat":[18,19,71],"product_tag":[],"class_list":{"0":"post-77124","1":"product","2":"type-product","3":"status-publish","4":"has-post-thumbnail","6":"product_cat-boeken","7":"product_cat-kinderboeken","8":"product_cat-kinderboeken-8","9":"product_shipping_class-pakket","11":"first","12":"instock","13":"taxable","14":"shipping-taxable","15":"purchasable","16":"product-type-simple"},"acf":{"auteur":false,"illustrator":false},"jetpack_sharing_enabled":true,"_links":{"self":[{"href":"https:\/\/meestermokka.nl\/winkel\/wp-json\/wp\/v2\/product\/77124","targetHints":{"allow":["GET"]}}],"collection":[{"href":"https:\/\/meestermokka.nl\/winkel\/wp-json\/wp\/v2\/product"}],"about":[{"href":"https:\/\/meestermokka.nl\/winkel\/wp-json\/wp\/v2\/types\/product"}],"replies":[{"embeddable":true,"href":"https:\/\/meestermokka.nl\/winkel\/wp-json\/wp\/v2\/comments?post=77124"}],"wp:featuredmedia":[{"embeddable":true,"href":"https:\/\/meestermokka.nl\/winkel\/wp-json\/wp\/v2\/media\/77122"}],"wp:attachment":[{"href":"https:\/\/meestermokka.nl\/winkel\/wp-json\/wp\/v2\/media?parent=77124"}],"wp:term":[{"taxonomy":"product_brand","embeddable":true,"href":"https:\/\/meestermokka.nl\/winkel\/wp-json\/wp\/v2\/product_brand?post=77124"},{"taxonomy":"product_cat","embeddable":true,"href":"https:\/\/meestermokka.nl\/winkel\/wp-json\/wp\/v2\/product_cat?post=77124"},{"taxonomy":"product_tag","embeddable":true,"href":"https:\/\/meestermokka.nl\/winkel\/wp-json\/wp\/v2\/product_tag?post=77124"}],"curies":[{"name":"wp","href":"https:\/\/api.w.org\/{rel}","templated":true}]}}