{"id":75645,"date":"2025-04-22T08:53:45","date_gmt":"2025-04-22T06:53:45","guid":{"rendered":"https:\/\/meestermokka.nl\/winkel\/product\/gevonden-2\/"},"modified":"2026-03-17T22:51:52","modified_gmt":"2026-03-17T21:51:52","slug":"gevonden-2","status":"publish","type":"product","link":"https:\/\/meestermokka.nl\/winkel\/product\/gevonden-2\/","title":{"rendered":"Gevonden!"},"content":{"rendered":"<p><em>\u2018H\u00e9, ik heb maar \u00e9\u00e9n sok. <br \/>Waar is de andere?\u2019 <\/em><\/p>\n<p>Konijn heeft zin om naar buiten te gaan, maar kan haar sok niet vinden. Op haar zoektocht vindt ze van alles \u2013 en dat trekt ze allemaal aan. Maar haar sok blijft kwijt, totdat\u2026<\/p>\n<p><em>\u2018Weet je wat het leukste is aan iets kwijtraken?\u2019 vroeg ze. <br \/>\u2018Nee. Wat dan?\u2019 zei Eekhoorn. <br \/>\u2018Dat je zo blij wordt als je het weer vindt!\u2019<\/em><\/p>\n","protected":false},"excerpt":{"rendered":"<p>\u2018H\u00e9, ik heb maar \u00e9\u00e9n sok. Waar is de andere?\u2019 Konijn heeft zin om naar buiten te gaan, maar kan<\/p>\n","protected":false},"featured_media":75643,"comment_status":"open","ping_status":"closed","template":"","meta":{"_acf_changed":false},"product_brand":[],"product_cat":[18,19,37],"product_tag":[],"class_list":{"0":"post-75645","1":"product","2":"type-product","3":"status-publish","4":"has-post-thumbnail","6":"product_cat-boeken","7":"product_cat-kinderboeken","8":"product_cat-kinderboeken-4","9":"product_shipping_class-pakket","11":"first","12":"instock","13":"taxable","14":"shipping-taxable","15":"purchasable","16":"product-type-simple"},"acf":{"auteur":false,"illustrator":false},"jetpack_sharing_enabled":true,"_links":{"self":[{"href":"https:\/\/meestermokka.nl\/winkel\/wp-json\/wp\/v2\/product\/75645","targetHints":{"allow":["GET"]}}],"collection":[{"href":"https:\/\/meestermokka.nl\/winkel\/wp-json\/wp\/v2\/product"}],"about":[{"href":"https:\/\/meestermokka.nl\/winkel\/wp-json\/wp\/v2\/types\/product"}],"replies":[{"embeddable":true,"href":"https:\/\/meestermokka.nl\/winkel\/wp-json\/wp\/v2\/comments?post=75645"}],"wp:featuredmedia":[{"embeddable":true,"href":"https:\/\/meestermokka.nl\/winkel\/wp-json\/wp\/v2\/media\/75643"}],"wp:attachment":[{"href":"https:\/\/meestermokka.nl\/winkel\/wp-json\/wp\/v2\/media?parent=75645"}],"wp:term":[{"taxonomy":"product_brand","embeddable":true,"href":"https:\/\/meestermokka.nl\/winkel\/wp-json\/wp\/v2\/product_brand?post=75645"},{"taxonomy":"product_cat","embeddable":true,"href":"https:\/\/meestermokka.nl\/winkel\/wp-json\/wp\/v2\/product_cat?post=75645"},{"taxonomy":"product_tag","embeddable":true,"href":"https:\/\/meestermokka.nl\/winkel\/wp-json\/wp\/v2\/product_tag?post=75645"}],"curies":[{"name":"wp","href":"https:\/\/api.w.org\/{rel}","templated":true}]}}