{"id":75284,"date":"2025-04-11T08:55:05","date_gmt":"2025-04-11T06:55:05","guid":{"rendered":"https:\/\/meestermokka.nl\/winkel\/product\/de-krijtjes-gaan-naar-school\/"},"modified":"2026-03-17T22:51:51","modified_gmt":"2026-03-17T21:51:51","slug":"de-krijtjes-gaan-naar-school","status":"publish","type":"product","link":"https:\/\/meestermokka.nl\/winkel\/product\/de-krijtjes-gaan-naar-school\/","title":{"rendered":"De krijtjes gaan naar school"},"content":{"rendered":"<p>Er is \u00e9\u00e9n les die \u00e1lle krijtjes leuk vinden &#8230;<\/p>\n","protected":false},"excerpt":{"rendered":"<p>Er is \u00e9\u00e9n les die \u00e1lle krijtjes leuk vinden &#8230;<\/p>\n","protected":false},"featured_media":75282,"comment_status":"open","ping_status":"closed","template":"","meta":{"_acf_changed":false},"product_brand":[],"product_cat":[18,19,37],"product_tag":[],"class_list":{"0":"post-75284","1":"product","2":"type-product","3":"status-publish","4":"has-post-thumbnail","6":"product_cat-boeken","7":"product_cat-kinderboeken","8":"product_cat-kinderboeken-4","9":"product_shipping_class-pakket","11":"first","12":"instock","13":"taxable","14":"shipping-taxable","15":"purchasable","16":"product-type-simple"},"acf":{"auteur":false,"illustrator":false},"jetpack_sharing_enabled":true,"_links":{"self":[{"href":"https:\/\/meestermokka.nl\/winkel\/wp-json\/wp\/v2\/product\/75284","targetHints":{"allow":["GET"]}}],"collection":[{"href":"https:\/\/meestermokka.nl\/winkel\/wp-json\/wp\/v2\/product"}],"about":[{"href":"https:\/\/meestermokka.nl\/winkel\/wp-json\/wp\/v2\/types\/product"}],"replies":[{"embeddable":true,"href":"https:\/\/meestermokka.nl\/winkel\/wp-json\/wp\/v2\/comments?post=75284"}],"wp:featuredmedia":[{"embeddable":true,"href":"https:\/\/meestermokka.nl\/winkel\/wp-json\/wp\/v2\/media\/75282"}],"wp:attachment":[{"href":"https:\/\/meestermokka.nl\/winkel\/wp-json\/wp\/v2\/media?parent=75284"}],"wp:term":[{"taxonomy":"product_brand","embeddable":true,"href":"https:\/\/meestermokka.nl\/winkel\/wp-json\/wp\/v2\/product_brand?post=75284"},{"taxonomy":"product_cat","embeddable":true,"href":"https:\/\/meestermokka.nl\/winkel\/wp-json\/wp\/v2\/product_cat?post=75284"},{"taxonomy":"product_tag","embeddable":true,"href":"https:\/\/meestermokka.nl\/winkel\/wp-json\/wp\/v2\/product_tag?post=75284"}],"curies":[{"name":"wp","href":"https:\/\/api.w.org\/{rel}","templated":true}]}}