{"id":71714,"date":"2025-03-07T08:53:42","date_gmt":"2025-03-07T07:53:42","guid":{"rendered":"https:\/\/meestermokka.nl\/winkel\/product\/van-kop-tot-staart-dinosaurussen-en-andere-prehistorische-dieren\/"},"modified":"2026-03-17T22:51:44","modified_gmt":"2026-03-17T21:51:44","slug":"van-kop-tot-staart-dinosaurussen-en-andere-prehistorische-dieren","status":"publish","type":"product","link":"https:\/\/meestermokka.nl\/winkel\/product\/van-kop-tot-staart-dinosaurussen-en-andere-prehistorische-dieren\/","title":{"rendered":"Van kop tot staart: dinosaurussen en andere prehistorische dieren"},"content":{"rendered":"<p><strong>Alles wat je altijd al over dino&#8217;s wilde weten!<\/strong><\/p>\n<p>In deze prachtige encyclopedie ga je mee op reis door de boeiende wereld van dinosaurussen en andere prehistorische dieren. Ontdek aan de hand van meer dan 1000 feiten en cijfers welke dino\u2019s het snelst, het grootst en het gevaarlijkst waren. Lees hoe groot de hersenen, het hart, de staarten en schubben van je favoriete dino waren. En leer heel veel dino\u2019s kennen waar je nog nooit eerder van had gehoord.<\/p>\n<p>Dit boek vol prachtige foto\u2019s en infographics leidt je in 5 hoofdstukken door de belangrijkste tijdperken heen: de periode v\u00f3\u00f3r dinosaurussen leefden, het trias, de jura, het krijt en de periode n\u00e1 het uitsterven van de dinosaurussen. Word een echte dino-kenner en verras je vrienden, familie, buurman of juf met de leukste, gekste en boeiendste feitjes!<\/p>\n<p><em>Van kop tot staart: dinosaurussen en andere prehistorische dieren <\/em>is leuk om zelf te lezen, maar ook geschikt als naslagwerk voor werkstukken en spreekbeurten. Geschikt voor dino-fans vanaf 8 jaar. <\/p>\n","protected":false},"excerpt":{"rendered":"<p>Alles wat je altijd al over dino&#8217;s wilde weten! In deze prachtige encyclopedie ga je mee op reis door de<\/p>\n","protected":false},"featured_media":71712,"comment_status":"open","ping_status":"closed","template":"","meta":{"_acf_changed":false},"product_brand":[],"product_cat":[18,19,51],"product_tag":[],"class_list":{"0":"post-71714","1":"product","2":"type-product","3":"status-publish","4":"has-post-thumbnail","6":"product_cat-boeken","7":"product_cat-kinderboeken","8":"product_cat-kinderboeken-10","9":"product_shipping_class-pakket","11":"first","12":"instock","13":"taxable","14":"shipping-taxable","15":"purchasable","16":"product-type-simple"},"acf":{"auteur":false,"illustrator":false},"jetpack_sharing_enabled":true,"_links":{"self":[{"href":"https:\/\/meestermokka.nl\/winkel\/wp-json\/wp\/v2\/product\/71714","targetHints":{"allow":["GET"]}}],"collection":[{"href":"https:\/\/meestermokka.nl\/winkel\/wp-json\/wp\/v2\/product"}],"about":[{"href":"https:\/\/meestermokka.nl\/winkel\/wp-json\/wp\/v2\/types\/product"}],"replies":[{"embeddable":true,"href":"https:\/\/meestermokka.nl\/winkel\/wp-json\/wp\/v2\/comments?post=71714"}],"wp:featuredmedia":[{"embeddable":true,"href":"https:\/\/meestermokka.nl\/winkel\/wp-json\/wp\/v2\/media\/71712"}],"wp:attachment":[{"href":"https:\/\/meestermokka.nl\/winkel\/wp-json\/wp\/v2\/media?parent=71714"}],"wp:term":[{"taxonomy":"product_brand","embeddable":true,"href":"https:\/\/meestermokka.nl\/winkel\/wp-json\/wp\/v2\/product_brand?post=71714"},{"taxonomy":"product_cat","embeddable":true,"href":"https:\/\/meestermokka.nl\/winkel\/wp-json\/wp\/v2\/product_cat?post=71714"},{"taxonomy":"product_tag","embeddable":true,"href":"https:\/\/meestermokka.nl\/winkel\/wp-json\/wp\/v2\/product_tag?post=71714"}],"curies":[{"name":"wp","href":"https:\/\/api.w.org\/{rel}","templated":true}]}}