{"id":4457,"date":"2023-04-25T15:50:11","date_gmt":"2023-04-25T13:50:11","guid":{"rendered":"https:\/\/meestermokka.nl\/winkel\/product\/pokemon-kijk-en-zoekboek\/"},"modified":"2026-03-17T22:48:37","modified_gmt":"2026-03-17T21:48:37","slug":"pokemon-kijk-en-zoekboek","status":"publish","type":"product","link":"https:\/\/meestermokka.nl\/winkel\/product\/pokemon-kijk-en-zoekboek\/","title":{"rendered":"Pok\u00e9mon kijk- en zoekboek"},"content":{"rendered":"<p>In dit bijzondere kijk- en zoekboek ga je samen met Ash, Pikachu en hun vrienden op reis door de 8 regio&#8217;s van Pok\u00e9mon: van de legendarische bergen van Hoenn tot de wondermooie stranden van Alola. Dit boek staat vol uitdagende zoekplaten waarin zich een heleboel Pok\u00e9mon verstopt hebben. Aan jou om ze allemaal te vinden. Urenlang zoekpret verzekerd! Het offici\u00eble zoekboek voor alle fans van Pok\u00e9mon!<\/p>\n","protected":false},"excerpt":{"rendered":"<p>In dit bijzondere kijk- en zoekboek ga je samen met Ash, Pikachu en hun vrienden op reis door de 8<\/p>\n","protected":false},"featured_media":23875,"comment_status":"open","ping_status":"closed","template":"","meta":{"_acf_changed":false},"product_brand":[],"product_cat":[18,64,19],"product_tag":[],"class_list":{"0":"post-4457","1":"product","2":"type-product","3":"status-publish","4":"has-post-thumbnail","6":"product_cat-boeken","7":"product_cat-diversen","8":"product_cat-kinderboeken","9":"product_shipping_class-pakket","10":"pa_uitgever-centrale-uitgeverij-deltas","12":"first","13":"instock","14":"taxable","15":"shipping-taxable","16":"purchasable","17":"product-type-simple"},"acf":{"auteur":false,"illustrator":false},"jetpack_sharing_enabled":true,"_links":{"self":[{"href":"https:\/\/meestermokka.nl\/winkel\/wp-json\/wp\/v2\/product\/4457","targetHints":{"allow":["GET"]}}],"collection":[{"href":"https:\/\/meestermokka.nl\/winkel\/wp-json\/wp\/v2\/product"}],"about":[{"href":"https:\/\/meestermokka.nl\/winkel\/wp-json\/wp\/v2\/types\/product"}],"replies":[{"embeddable":true,"href":"https:\/\/meestermokka.nl\/winkel\/wp-json\/wp\/v2\/comments?post=4457"}],"wp:featuredmedia":[{"embeddable":true,"href":"https:\/\/meestermokka.nl\/winkel\/wp-json\/wp\/v2\/media\/23875"}],"wp:attachment":[{"href":"https:\/\/meestermokka.nl\/winkel\/wp-json\/wp\/v2\/media?parent=4457"}],"wp:term":[{"taxonomy":"product_brand","embeddable":true,"href":"https:\/\/meestermokka.nl\/winkel\/wp-json\/wp\/v2\/product_brand?post=4457"},{"taxonomy":"product_cat","embeddable":true,"href":"https:\/\/meestermokka.nl\/winkel\/wp-json\/wp\/v2\/product_cat?post=4457"},{"taxonomy":"product_tag","embeddable":true,"href":"https:\/\/meestermokka.nl\/winkel\/wp-json\/wp\/v2\/product_tag?post=4457"}],"curies":[{"name":"wp","href":"https:\/\/api.w.org\/{rel}","templated":true}]}}