{"id":43981,"date":"2024-07-12T09:00:35","date_gmt":"2024-07-12T07:00:35","guid":{"rendered":"https:\/\/meestermokka.nl\/winkel\/product\/op-het-einde-gaan-ze-allebei-dood\/"},"modified":"2026-03-17T22:50:57","modified_gmt":"2026-03-17T21:50:57","slug":"op-het-einde-gaan-ze-allebei-dood","status":"publish","type":"product","link":"https:\/\/meestermokka.nl\/winkel\/product\/op-het-einde-gaan-ze-allebei-dood\/","title":{"rendered":"Op het einde gaan ze allebei dood"},"content":{"rendered":"<p><strong>De wereldwijde TikTok-sensatie van Adam Silvera<\/strong><\/p>\n<p>Op 5 september, iets na middernacht, krijgt Mateo een telefoontje. Het is Death-Cast, de organisatie die mensen inlicht dat ze binnen 24 uur zullen sterven. Ook Rufus wordt gebeld. De twee kennen elkaar niet, maar ze besluiten de laatste dag van hun leven samen door te brengen in New York. Ze willen nog \u00e9\u00e9n groot avontuur beleven, om een leven lang in \u00e9\u00e9n dag te leven.<\/p>\n<p>&#8216;Op het einde gaan ze allebei dood&#8217; is een onvergetelijke en onweglegbare Young Adult voor tieners vanaf vijftien jaar. Het boek bracht een schokgolf teweeg op BookTok. Silvera\u2019s boeken in deze Death-Cast-reeks, over een organisatie die mensen inlicht dat ze binnen 24 uur zullen sterven, zijn aangrijpende verhalen over leven en dood, liefde en verlies. Ze leerden een generatie nieuwe lezers over wat het leven zo waardevol maakt.<\/p>\n<p>\u2018Een mooi verhaal over verlies, hoop en de verlossende kracht van vriendschap.\u2019 <em>The New York Times <br \/><\/em>\u2018Dit boek verdient alle lezers die het kan krijgen. Een verslavend, onweglegbaar boek.\u2019 <em>NRC<\/em><\/p>\n<p>Lees ook de andere boeken in de Death Cast-reeks van Adam Silvera:<br \/>&#8211; <strong>De eerste die op het einde doodgaat<\/strong><\/p>\n<p><\/p>\n<p><\/p>\n<p><\/p>\n","protected":false},"excerpt":{"rendered":"<p>De wereldwijde TikTok-sensatie van Adam Silvera Op 5 september, iets na middernacht, krijgt Mateo een telefoontje. Het is Death-Cast, de<\/p>\n","protected":false},"featured_media":43979,"comment_status":"open","ping_status":"closed","template":"","meta":{"_acf_changed":false},"product_brand":[],"product_cat":[18,72],"product_tag":[],"class_list":{"0":"post-43981","1":"product","2":"type-product","3":"status-publish","4":"has-post-thumbnail","6":"product_cat-boeken","7":"product_cat-young-adult-15","8":"product_shipping_class-pakket","10":"first","11":"instock","12":"taxable","13":"shipping-taxable","14":"purchasable","15":"product-type-simple"},"acf":{"auteur":false,"illustrator":false},"jetpack_sharing_enabled":true,"_links":{"self":[{"href":"https:\/\/meestermokka.nl\/winkel\/wp-json\/wp\/v2\/product\/43981","targetHints":{"allow":["GET"]}}],"collection":[{"href":"https:\/\/meestermokka.nl\/winkel\/wp-json\/wp\/v2\/product"}],"about":[{"href":"https:\/\/meestermokka.nl\/winkel\/wp-json\/wp\/v2\/types\/product"}],"replies":[{"embeddable":true,"href":"https:\/\/meestermokka.nl\/winkel\/wp-json\/wp\/v2\/comments?post=43981"}],"wp:featuredmedia":[{"embeddable":true,"href":"https:\/\/meestermokka.nl\/winkel\/wp-json\/wp\/v2\/media\/43979"}],"wp:attachment":[{"href":"https:\/\/meestermokka.nl\/winkel\/wp-json\/wp\/v2\/media?parent=43981"}],"wp:term":[{"taxonomy":"product_brand","embeddable":true,"href":"https:\/\/meestermokka.nl\/winkel\/wp-json\/wp\/v2\/product_brand?post=43981"},{"taxonomy":"product_cat","embeddable":true,"href":"https:\/\/meestermokka.nl\/winkel\/wp-json\/wp\/v2\/product_cat?post=43981"},{"taxonomy":"product_tag","embeddable":true,"href":"https:\/\/meestermokka.nl\/winkel\/wp-json\/wp\/v2\/product_tag?post=43981"}],"curies":[{"name":"wp","href":"https:\/\/api.w.org\/{rel}","templated":true}]}}