{"id":4340,"date":"2023-04-24T00:32:10","date_gmt":"2023-04-23T22:32:10","guid":{"rendered":"https:\/\/meestermokka.nl\/winkel\/product\/atlas-van-de-aarde\/"},"modified":"2026-03-17T22:48:36","modified_gmt":"2026-03-17T21:48:36","slug":"atlas-van-de-aarde","status":"publish","type":"product","link":"https:\/\/meestermokka.nl\/winkel\/product\/atlas-van-de-aarde\/","title":{"rendered":"Atlas van de aarde"},"content":{"rendered":"<p>In 90 minuten een reis om de wereld maken? Het kan!<br \/>\nVlieg mee met de Kleine Astronauten aan boord van een raket en ontdek de aarde vanuit de ruimte. <\/p>\n<p>De raket gaat 28.000 kilometer per uur. Dat betekent dat je in 90 minuten een heel rondje om de aardbol vliegt. En dat per dag dus zestien keer! In <i>Atlas van de aarde<\/i> kijk je vanuit de ruimte naar zestien heel bijzondere plekken waardoor je op een andere manier gaat kijken naar de mooie,  maar kwetsbare planeet waarop wij wonen.<\/p>\n<p>Dit bijzondere, grote kijkboek is een ruimteavontuur, atlas, fotoboek \u00e9n encyclopedie in \u00e9\u00e9n. Boordevol unieke foto\u2019s die Andr\u00e9 Kuipers tijdens zijn ruimtemissie maakte, illustraties en interessante weetjes. Je raakt niet uitgekeken!<\/p>\n<p>Andr\u00e9 Kuipers is de eerste Nederlandse astronaut die twee keer naar de ruimte vloog. Hij woonde en werkte 204 dagen in het internationale<br \/>\nruimtestation ISS.<\/p>\n<p>Met illustraties van Paco Vink.<\/p>\n<p>\u2018Om eindeloos in te bladeren of in weg te dromen.\u2019 \u2013 Leidsch Dagblad<\/p>\n<p>Atlas met foto&#8217;s. Kijkboek. Interessante feitjes.<\/p>\n","protected":false},"excerpt":{"rendered":"<p>In 90 minuten een reis om de wereld maken? Het kan! Vlieg mee met de Kleine Astronauten aan boord van<\/p>\n","protected":false},"featured_media":26855,"comment_status":"open","ping_status":"closed","template":"","meta":{"_acf_changed":false},"product_brand":[],"product_cat":[18,19,37],"product_tag":[],"class_list":{"0":"post-4340","1":"product","2":"type-product","3":"status-publish","4":"has-post-thumbnail","6":"product_cat-boeken","7":"product_cat-kinderboeken","8":"product_cat-kinderboeken-4","9":"product_shipping_class-pakket","10":"pa_auteur-andre-kuipers","11":"pa_illustrator-paco-vink","12":"pa_uitgever-wpg-kindermedia","14":"first","15":"instock","16":"taxable","17":"shipping-taxable","18":"purchasable","19":"product-type-simple"},"acf":{"auteur":[643],"illustrator":[1569]},"jetpack_sharing_enabled":true,"_links":{"self":[{"href":"https:\/\/meestermokka.nl\/winkel\/wp-json\/wp\/v2\/product\/4340","targetHints":{"allow":["GET"]}}],"collection":[{"href":"https:\/\/meestermokka.nl\/winkel\/wp-json\/wp\/v2\/product"}],"about":[{"href":"https:\/\/meestermokka.nl\/winkel\/wp-json\/wp\/v2\/types\/product"}],"replies":[{"embeddable":true,"href":"https:\/\/meestermokka.nl\/winkel\/wp-json\/wp\/v2\/comments?post=4340"}],"acf:term":[{"embeddable":true,"taxonomy":"pa_illustrator","href":"https:\/\/meestermokka.nl\/winkel\/wp-json\/wp\/v2\/pa_illustrator\/1569"},{"embeddable":true,"taxonomy":"pa_auteur","href":"https:\/\/meestermokka.nl\/winkel\/wp-json\/wp\/v2\/pa_auteur\/643"}],"wp:featuredmedia":[{"embeddable":true,"href":"https:\/\/meestermokka.nl\/winkel\/wp-json\/wp\/v2\/media\/26855"}],"wp:attachment":[{"href":"https:\/\/meestermokka.nl\/winkel\/wp-json\/wp\/v2\/media?parent=4340"}],"wp:term":[{"taxonomy":"product_brand","embeddable":true,"href":"https:\/\/meestermokka.nl\/winkel\/wp-json\/wp\/v2\/product_brand?post=4340"},{"taxonomy":"product_cat","embeddable":true,"href":"https:\/\/meestermokka.nl\/winkel\/wp-json\/wp\/v2\/product_cat?post=4340"},{"taxonomy":"product_tag","embeddable":true,"href":"https:\/\/meestermokka.nl\/winkel\/wp-json\/wp\/v2\/product_tag?post=4340"}],"curies":[{"name":"wp","href":"https:\/\/api.w.org\/{rel}","templated":true}]}}