{"id":4323,"date":"2023-04-24T00:31:36","date_gmt":"2023-04-23T22:31:36","guid":{"rendered":"https:\/\/meestermokka.nl\/winkel\/product\/een-grote-familie\/"},"modified":"2026-03-17T22:48:36","modified_gmt":"2026-03-17T21:48:36","slug":"een-grote-familie","status":"publish","type":"product","link":"https:\/\/meestermokka.nl\/winkel\/product\/een-grote-familie\/","title":{"rendered":"E\u00e9n grote familie"},"content":{"rendered":"<p>Hallo, mijn naam is Lucia. Ik heb een ondeugend hondje. Hij heet Kiko. <\/p>\n<p>Samen met mijn vriendinnetjes en vriendjes ben ik alles aan het klaarzetten voor het grote buurtfeest. Er wonen hier veel verschillende families, maar we hebben \u00e9\u00e9n ding gemeen: we helpen elkaar en houden van elkaar. We zijn \u00e9\u00e9n grote familie.  Ga je met ons mee?<\/p>\n<p>Een lief inclusief prentenboek over verschillende nationaliteiten, gezinssamenstellingen en een  meisje met het syndroom van Down.<\/p>\n","protected":false},"excerpt":{"rendered":"<p>Hallo, mijn naam is Lucia. Ik heb een ondeugend hondje. Hij heet Kiko. Samen met mijn vriendinnetjes en vriendjes ben<\/p>\n","protected":false},"featured_media":33521,"comment_status":"open","ping_status":"closed","template":"","meta":{"_acf_changed":false},"product_brand":[],"product_cat":[18,19,37],"product_tag":[],"class_list":{"0":"post-4323","1":"product","2":"type-product","3":"status-publish","4":"has-post-thumbnail","6":"product_cat-boeken","7":"product_cat-kinderboeken","8":"product_cat-kinderboeken-4","9":"product_shipping_class-pakket","10":"pa_auteur-elisenda-roca","11":"pa_illustrator-rocio-bonilla","12":"pa_uitgever-de-vier-windstreken","14":"first","15":"instock","16":"taxable","17":"shipping-taxable","18":"purchasable","19":"product-type-simple"},"acf":{"auteur":[2396],"illustrator":[843]},"jetpack_sharing_enabled":true,"_links":{"self":[{"href":"https:\/\/meestermokka.nl\/winkel\/wp-json\/wp\/v2\/product\/4323","targetHints":{"allow":["GET"]}}],"collection":[{"href":"https:\/\/meestermokka.nl\/winkel\/wp-json\/wp\/v2\/product"}],"about":[{"href":"https:\/\/meestermokka.nl\/winkel\/wp-json\/wp\/v2\/types\/product"}],"replies":[{"embeddable":true,"href":"https:\/\/meestermokka.nl\/winkel\/wp-json\/wp\/v2\/comments?post=4323"}],"acf:term":[{"embeddable":true,"taxonomy":"pa_illustrator","href":"https:\/\/meestermokka.nl\/winkel\/wp-json\/wp\/v2\/pa_illustrator\/843"},{"embeddable":true,"taxonomy":"pa_auteur","href":"https:\/\/meestermokka.nl\/winkel\/wp-json\/wp\/v2\/pa_auteur\/2396"}],"wp:featuredmedia":[{"embeddable":true,"href":"https:\/\/meestermokka.nl\/winkel\/wp-json\/wp\/v2\/media\/33521"}],"wp:attachment":[{"href":"https:\/\/meestermokka.nl\/winkel\/wp-json\/wp\/v2\/media?parent=4323"}],"wp:term":[{"taxonomy":"product_brand","embeddable":true,"href":"https:\/\/meestermokka.nl\/winkel\/wp-json\/wp\/v2\/product_brand?post=4323"},{"taxonomy":"product_cat","embeddable":true,"href":"https:\/\/meestermokka.nl\/winkel\/wp-json\/wp\/v2\/product_cat?post=4323"},{"taxonomy":"product_tag","embeddable":true,"href":"https:\/\/meestermokka.nl\/winkel\/wp-json\/wp\/v2\/product_tag?post=4323"}],"curies":[{"name":"wp","href":"https:\/\/api.w.org\/{rel}","templated":true}]}}