{"id":40864,"date":"2024-05-31T08:44:25","date_gmt":"2024-05-31T06:44:25","guid":{"rendered":"https:\/\/meestermokka.nl\/winkel\/product\/rule-of-the-aurora-king-limited-edition\/"},"modified":"2026-03-17T22:50:51","modified_gmt":"2026-03-17T21:50:51","slug":"rule-of-the-aurora-king-limited-edition","status":"publish","type":"product","link":"https:\/\/meestermokka.nl\/winkel\/product\/rule-of-the-aurora-king-limited-edition\/","title":{"rendered":"Rule of the Aurora King &#8211; Limited edition"},"content":{"rendered":"<p><em>Rule of the Aurora King<\/em> is een meeslepende fantasy vol romantiek van Nisha J. Tuli voor liefhebbers van <em>Hof van doorns en rozen<\/em> en <em>De Hongerspelen<\/em>. Nu te koop als Limited edition. Ook populair op TikTok. Spannend vervolg op <em>Trial of the Sun Queen<\/em><\/p>\n<p>Lor wordt meegenomen door Nadir, de Auroraprins, en bevrijd van de Zonnekoning. Nadir is ge\u00efntrigeerd door haar: wie is deze eigenzinnige dame en welk geheim houdt ze achter? Maar Lor is niet van plan haar geheim prijs te geven, ook al voelt ze zijn aantrekkingskracht. Ze wil haar familie terugvinden \u00e9n uit handen blijven van de Zonnekoning. Er zit maar \u00e9\u00e9n ding op: samenwerken met de Auroraprins en niet voor zijn charmes vallen. Zeker niet nu de toekomst van Ouranos aan een zijden draadje hangt&#8230;<\/p>\n<p>Reacties op <em>Trial of the Sun Queen<\/em> (deel 1):<br \/>\n\u2018Absoluut een van mijn favoriete boeken in jaren. Ik heb het in \u00e9\u00e9n ruk uitgelezen.\u2019 &#8211; Lezer op Goodreads<br \/>\n\u2018Al bij het lezen van de eerste pagina\u2019s was ik hooked! Lor is geniaal en innemend. Het einde belooft veel goeds voor het vervolg.\u2019 Anna, The Bookblondie<\/p>\n","protected":false},"excerpt":{"rendered":"<p>Rule of the Aurora King is een meeslepende fantasy vol romantiek van Nisha J. Tuli voor liefhebbers van Hof van<\/p>\n","protected":false},"featured_media":40863,"comment_status":"open","ping_status":"closed","template":"","meta":{"_acf_changed":false},"product_brand":[],"product_cat":[18,72],"product_tag":[],"class_list":{"0":"post-40864","1":"product","2":"type-product","3":"status-publish","4":"has-post-thumbnail","6":"product_cat-boeken","7":"product_cat-young-adult-15","8":"product_shipping_class-pakket","10":"first","11":"instock","12":"taxable","13":"shipping-taxable","14":"purchasable","15":"product-type-simple"},"acf":{"auteur":false,"illustrator":false},"jetpack_sharing_enabled":true,"_links":{"self":[{"href":"https:\/\/meestermokka.nl\/winkel\/wp-json\/wp\/v2\/product\/40864","targetHints":{"allow":["GET"]}}],"collection":[{"href":"https:\/\/meestermokka.nl\/winkel\/wp-json\/wp\/v2\/product"}],"about":[{"href":"https:\/\/meestermokka.nl\/winkel\/wp-json\/wp\/v2\/types\/product"}],"replies":[{"embeddable":true,"href":"https:\/\/meestermokka.nl\/winkel\/wp-json\/wp\/v2\/comments?post=40864"}],"wp:featuredmedia":[{"embeddable":true,"href":"https:\/\/meestermokka.nl\/winkel\/wp-json\/wp\/v2\/media\/40863"}],"wp:attachment":[{"href":"https:\/\/meestermokka.nl\/winkel\/wp-json\/wp\/v2\/media?parent=40864"}],"wp:term":[{"taxonomy":"product_brand","embeddable":true,"href":"https:\/\/meestermokka.nl\/winkel\/wp-json\/wp\/v2\/product_brand?post=40864"},{"taxonomy":"product_cat","embeddable":true,"href":"https:\/\/meestermokka.nl\/winkel\/wp-json\/wp\/v2\/product_cat?post=40864"},{"taxonomy":"product_tag","embeddable":true,"href":"https:\/\/meestermokka.nl\/winkel\/wp-json\/wp\/v2\/product_tag?post=40864"}],"curies":[{"name":"wp","href":"https:\/\/api.w.org\/{rel}","templated":true}]}}