{"id":35487,"date":"2024-03-08T09:29:19","date_gmt":"2024-03-08T08:29:19","guid":{"rendered":"https:\/\/meestermokka.nl\/winkel\/product\/de-fantastische-meneer-vos-3\/"},"modified":"2026-03-17T22:50:37","modified_gmt":"2026-03-17T21:50:37","slug":"de-fantastische-meneer-vos-3","status":"publish","type":"product","link":"https:\/\/meestermokka.nl\/winkel\/product\/de-fantastische-meneer-vos-3\/","title":{"rendered":"De fantastische meneer Vos"},"content":{"rendered":"<p><i>De fantastische Meneer Vos <\/i> is een geweldig kinderboek van bestsellerauteur Roald Dahl, met prachtige tekeningen van illustrator Quentin Blake. Het boek won in 1972 een Zilveren Griffel en werd door Wes Anderson omgetoverd tot animatiefilm.<\/p>\n<p><i>\u2018En liefste?\u2019 vroeg Meneer Vos. \u2018Wat mag het wezen vanavond?\u2019<br \/>\u2018Ik denk dat we vanavond maar eens eend moesten eten,\u2019 zei Mevrouw Vos. \u2018Breng maar twee vette eenden mee, alsjeblieft. E\u00e9n voor ons samen, en \u00e9\u00e9n voor de kinderen.\u2019<br \/>\u2018Goed, dan nemen we eenden!\u2019 zei Meneer Vos. \u2018De beste die Bits maar heeft.\u2019<br \/><\/i><br \/>Meneer Vos zou niet zoveel praatjes hebben als hij had geweten dat de boeren Bolus, Bits en Biet hem op dat ogenblik opwachten. Ze liggen achter een boom bij de ingang van het hol, een geladen geweer in de aanslag. Ze zijn vastbesloten om Meneer Vos dood te schieten, uit te hongeren of uit te graven, al duurt het nog zo lang&#8230;<\/p>\n<p>\u2018Roald Dahl blijft onverminderd populair.\u2019 \u2013 <i>de Volkskrant<\/i><\/p>\n","protected":false},"excerpt":{"rendered":"<p>De fantastische Meneer Vos is een geweldig kinderboek van bestsellerauteur Roald Dahl, met prachtige tekeningen van illustrator Quentin Blake. Het<\/p>\n","protected":false},"featured_media":35486,"comment_status":"open","ping_status":"closed","template":"","meta":{"_acf_changed":false},"product_brand":[],"product_cat":[18,19,51],"product_tag":[],"class_list":{"0":"post-35487","1":"product","2":"type-product","3":"status-publish","4":"has-post-thumbnail","6":"product_cat-boeken","7":"product_cat-kinderboeken","8":"product_cat-kinderboeken-10","9":"product_shipping_class-pakket","10":"pa_auteur-roald-dahl","11":"pa_illustrator-quentin-blake","12":"pa_uitgever-vbk-media","14":"first","15":"instock","16":"taxable","17":"shipping-taxable","18":"purchasable","19":"product-type-simple"},"acf":{"auteur":[374],"illustrator":[375]},"jetpack_sharing_enabled":true,"_links":{"self":[{"href":"https:\/\/meestermokka.nl\/winkel\/wp-json\/wp\/v2\/product\/35487","targetHints":{"allow":["GET"]}}],"collection":[{"href":"https:\/\/meestermokka.nl\/winkel\/wp-json\/wp\/v2\/product"}],"about":[{"href":"https:\/\/meestermokka.nl\/winkel\/wp-json\/wp\/v2\/types\/product"}],"replies":[{"embeddable":true,"href":"https:\/\/meestermokka.nl\/winkel\/wp-json\/wp\/v2\/comments?post=35487"}],"acf:term":[{"embeddable":true,"taxonomy":"pa_illustrator","href":"https:\/\/meestermokka.nl\/winkel\/wp-json\/wp\/v2\/pa_illustrator\/375"},{"embeddable":true,"taxonomy":"pa_auteur","href":"https:\/\/meestermokka.nl\/winkel\/wp-json\/wp\/v2\/pa_auteur\/374"}],"wp:featuredmedia":[{"embeddable":true,"href":"https:\/\/meestermokka.nl\/winkel\/wp-json\/wp\/v2\/media\/35486"}],"wp:attachment":[{"href":"https:\/\/meestermokka.nl\/winkel\/wp-json\/wp\/v2\/media?parent=35487"}],"wp:term":[{"taxonomy":"product_brand","embeddable":true,"href":"https:\/\/meestermokka.nl\/winkel\/wp-json\/wp\/v2\/product_brand?post=35487"},{"taxonomy":"product_cat","embeddable":true,"href":"https:\/\/meestermokka.nl\/winkel\/wp-json\/wp\/v2\/product_cat?post=35487"},{"taxonomy":"product_tag","embeddable":true,"href":"https:\/\/meestermokka.nl\/winkel\/wp-json\/wp\/v2\/product_tag?post=35487"}],"curies":[{"name":"wp","href":"https:\/\/api.w.org\/{rel}","templated":true}]}}