{"id":2921,"date":"2023-04-23T23:47:18","date_gmt":"2023-04-23T21:47:18","guid":{"rendered":"https:\/\/meestermokka.nl\/winkel\/product\/het-oneindige-verhaal\/"},"modified":"2026-03-17T22:48:24","modified_gmt":"2026-03-17T21:48:24","slug":"het-oneindige-verhaal","status":"publish","type":"product","link":"https:\/\/meestermokka.nl\/winkel\/product\/het-oneindige-verhaal\/","title":{"rendered":"Het oneindige verhaal"},"content":{"rendered":"<p>Prachtige jubileumeditie met stofomslag van <i>Het oneindige verhaal<\/i> van Michael Ende, een onvergetelijke klassieker uit de jeugdliteratuur. Het boek verscheen in 1982 voor het eerst in het Nederlands en is nog altijd  in druk. Deze wereldwijde bestseller won in Nederland een Zilveren Griffel en is in 41 talen verschenen.<\/p>\n<p>Dit is het beroemde verhaal over Bastiaan, die het boek <i>Het oneindige verhaal<\/i> steelt en zich op de zolder van zijn school verstopt. Daar kan hij ongestoord lezen over het land Fant\u00e1si\u00eb. Als de koningin van Fant\u00e1si\u00eb hem roept, stapt hij het verhaal binnen om haar te helpen. Nu is hij niet langer het jongetje dat gepest wordt, maar een held met een belangrijke opdracht. Kan Bastiaan het land redden van het oprukkende Niets? En wat moet hij doen om ooit weer thuis te komen?<\/p>\n<p>&#8216; Een boek dat drie generaties de adem kan laten inhouden.&#8217; \u2013 <i>Trouw<\/i><br \/>\u2018Het is alsof je in 391 bladzijden de hoogtepunten uit de literatuur krijgt voorgeschoteld.\u2019 \u2013 <i>De Telegraaf<\/i><br \/>&#8216;Dit is zo&#8217;n boek dat \u00f3\u00f3k de volwassen lezer niet meer loslaat.&#8217; \u2013 <i>Seasons<\/i><\/p>\n","protected":false},"excerpt":{"rendered":"<p>Prachtige jubileumeditie met stofomslag van Het oneindige verhaal van Michael Ende, een onvergetelijke klassieker uit de jeugdliteratuur. Het boek verscheen<\/p>\n","protected":false},"featured_media":35104,"comment_status":"open","ping_status":"closed","template":"","meta":{"_acf_changed":false},"product_brand":[],"product_cat":[18,19,51],"product_tag":[],"class_list":{"0":"post-2921","1":"product","2":"type-product","3":"status-publish","4":"has-post-thumbnail","6":"product_cat-boeken","7":"product_cat-kinderboeken","8":"product_cat-kinderboeken-10","9":"product_shipping_class-pakket","10":"pa_auteur-michael-ende","11":"pa_uitgever-vbk-media","13":"first","14":"instock","15":"taxable","16":"shipping-taxable","17":"purchasable","18":"product-type-simple"},"acf":{"auteur":[1734],"illustrator":false},"jetpack_sharing_enabled":true,"_links":{"self":[{"href":"https:\/\/meestermokka.nl\/winkel\/wp-json\/wp\/v2\/product\/2921","targetHints":{"allow":["GET"]}}],"collection":[{"href":"https:\/\/meestermokka.nl\/winkel\/wp-json\/wp\/v2\/product"}],"about":[{"href":"https:\/\/meestermokka.nl\/winkel\/wp-json\/wp\/v2\/types\/product"}],"replies":[{"embeddable":true,"href":"https:\/\/meestermokka.nl\/winkel\/wp-json\/wp\/v2\/comments?post=2921"}],"acf:term":[{"embeddable":true,"taxonomy":"pa_auteur","href":"https:\/\/meestermokka.nl\/winkel\/wp-json\/wp\/v2\/pa_auteur\/1734"}],"wp:featuredmedia":[{"embeddable":true,"href":"https:\/\/meestermokka.nl\/winkel\/wp-json\/wp\/v2\/media\/35104"}],"wp:attachment":[{"href":"https:\/\/meestermokka.nl\/winkel\/wp-json\/wp\/v2\/media?parent=2921"}],"wp:term":[{"taxonomy":"product_brand","embeddable":true,"href":"https:\/\/meestermokka.nl\/winkel\/wp-json\/wp\/v2\/product_brand?post=2921"},{"taxonomy":"product_cat","embeddable":true,"href":"https:\/\/meestermokka.nl\/winkel\/wp-json\/wp\/v2\/product_cat?post=2921"},{"taxonomy":"product_tag","embeddable":true,"href":"https:\/\/meestermokka.nl\/winkel\/wp-json\/wp\/v2\/product_tag?post=2921"}],"curies":[{"name":"wp","href":"https:\/\/api.w.org\/{rel}","templated":true}]}}