{"id":22650,"date":"2024-01-19T08:53:40","date_gmt":"2024-01-19T07:53:40","guid":{"rendered":"https:\/\/meestermokka.nl\/winkel\/product\/vakantie-op-de-maan\/"},"modified":"2026-03-17T22:50:31","modified_gmt":"2026-03-17T21:50:31","slug":"vakantie-op-de-maan","status":"publish","type":"product","link":"https:\/\/meestermokka.nl\/winkel\/product\/vakantie-op-de-maan\/","title":{"rendered":"Vakantie op de maan"},"content":{"rendered":"<p>Wanneer een beroemde miljardair een\u00a0<i>maanhotel\u00a0<\/i>heeft gebouwd, kan Actiegast alleen nog maar dromen van een vakantie naar de maan. Zijn beste vriendin krijgt de kans en mag mee in de raket! Iedereen kijkt mee naar de lancering op tv, totdat de uitzending onderbroken wordt door een boodschap van aliens. Ze waarschuwen de mensen: als zij de maan betreden, zullen ze worden verpletterd&#8230;<\/p>\n<p>De strijd barst los tussen de aliens en de mensheid. Maar gelukkig schiet Actiegast te hulp! Hij verwacht in ieder geval h\u00e9\u00e9l veel explosies en dat is precies hoe hij het graag heeft. Kan hij zijn beste vriendin \u00e9n de wereld redden van de buitenaardse wezens en veilig terugkeren op aarde?<\/p>\n","protected":false},"excerpt":{"rendered":"<p>Wanneer een beroemde miljardair een\u00a0maanhotel\u00a0heeft gebouwd, kan Actiegast alleen nog maar dromen van een vakantie naar de maan. Zijn beste<\/p>\n","protected":false},"featured_media":46353,"comment_status":"open","ping_status":"closed","template":"","meta":{"_acf_changed":false},"product_brand":[],"product_cat":[18,19,71],"product_tag":[],"class_list":{"0":"post-22650","1":"product","2":"type-product","3":"status-publish","4":"has-post-thumbnail","6":"product_cat-boeken","7":"product_cat-kinderboeken","8":"product_cat-kinderboeken-8","9":"product_shipping_class-pakket","10":"pa_auteur-andy-riley","11":"pa_uitgever-wpg-kindermedia","13":"first","14":"instock","15":"taxable","16":"shipping-taxable","17":"purchasable","18":"product-type-simple"},"acf":{"auteur":[302],"illustrator":false},"jetpack_sharing_enabled":true,"_links":{"self":[{"href":"https:\/\/meestermokka.nl\/winkel\/wp-json\/wp\/v2\/product\/22650","targetHints":{"allow":["GET"]}}],"collection":[{"href":"https:\/\/meestermokka.nl\/winkel\/wp-json\/wp\/v2\/product"}],"about":[{"href":"https:\/\/meestermokka.nl\/winkel\/wp-json\/wp\/v2\/types\/product"}],"replies":[{"embeddable":true,"href":"https:\/\/meestermokka.nl\/winkel\/wp-json\/wp\/v2\/comments?post=22650"}],"acf:term":[{"embeddable":true,"taxonomy":"pa_auteur","href":"https:\/\/meestermokka.nl\/winkel\/wp-json\/wp\/v2\/pa_auteur\/302"}],"wp:featuredmedia":[{"embeddable":true,"href":"https:\/\/meestermokka.nl\/winkel\/wp-json\/wp\/v2\/media\/46353"}],"wp:attachment":[{"href":"https:\/\/meestermokka.nl\/winkel\/wp-json\/wp\/v2\/media?parent=22650"}],"wp:term":[{"taxonomy":"product_brand","embeddable":true,"href":"https:\/\/meestermokka.nl\/winkel\/wp-json\/wp\/v2\/product_brand?post=22650"},{"taxonomy":"product_cat","embeddable":true,"href":"https:\/\/meestermokka.nl\/winkel\/wp-json\/wp\/v2\/product_cat?post=22650"},{"taxonomy":"product_tag","embeddable":true,"href":"https:\/\/meestermokka.nl\/winkel\/wp-json\/wp\/v2\/product_tag?post=22650"}],"curies":[{"name":"wp","href":"https:\/\/api.w.org\/{rel}","templated":true}]}}