{"id":18042,"date":"2023-09-26T11:01:05","date_gmt":"2023-09-26T09:01:05","guid":{"rendered":"https:\/\/meestermokka.nl\/winkel\/product\/jet-wil-veel\/"},"modified":"2026-03-17T22:50:14","modified_gmt":"2026-03-17T21:50:14","slug":"jet-wil-veel","status":"publish","type":"product","link":"https:\/\/meestermokka.nl\/winkel\/product\/jet-wil-veel\/","title":{"rendered":"jet wil veel"},"content":{"rendered":"<p>Van papa en mama krijgt Jet altijd haar zin. Ze krijgt meer en meer \u2026 niet \u00e9\u00e9n snoepje, maar twee, niet \u00e9\u00e9n fles prik, maar een bad vol \u2026 wanneer houdt het op? Lees het grappige verhaal in dit leuke boek op AVI M3, dus voor kinderen van 6-7 jaar om zelf te lezen.<\/p>\n<p>jet wil veel, heel veel.<br \/>haar wil is wet.<br \/>pap geeft jet vaak haar zin.<br \/>van mam mag ook veel.<br \/>lees je mee?<br \/>en zie wat jet wil!<\/p>\n","protected":false},"excerpt":{"rendered":"<p>Van papa en mama krijgt Jet altijd haar zin. Ze krijgt meer en meer \u2026 niet \u00e9\u00e9n snoepje, maar twee,<\/p>\n","protected":false},"featured_media":46964,"comment_status":"open","ping_status":"closed","template":"","meta":{"_acf_changed":false},"product_brand":[],"product_cat":[18,19,20],"product_tag":[],"class_list":{"0":"post-18042","1":"product","2":"type-product","3":"status-publish","4":"has-post-thumbnail","6":"product_cat-boeken","7":"product_cat-kinderboeken","8":"product_cat-leren-lezen","9":"product_shipping_class-pakket","10":"pa_auteur-jeska-verstegen","11":"pa_illustrator-jeska-verstegen","12":"pa_uitgever-zwijsen-uitgeverij","14":"first","15":"instock","16":"taxable","17":"shipping-taxable","18":"purchasable","19":"product-type-simple"},"acf":{"auteur":[6359],"illustrator":[2941]},"jetpack_sharing_enabled":true,"_links":{"self":[{"href":"https:\/\/meestermokka.nl\/winkel\/wp-json\/wp\/v2\/product\/18042","targetHints":{"allow":["GET"]}}],"collection":[{"href":"https:\/\/meestermokka.nl\/winkel\/wp-json\/wp\/v2\/product"}],"about":[{"href":"https:\/\/meestermokka.nl\/winkel\/wp-json\/wp\/v2\/types\/product"}],"replies":[{"embeddable":true,"href":"https:\/\/meestermokka.nl\/winkel\/wp-json\/wp\/v2\/comments?post=18042"}],"acf:term":[{"embeddable":true,"taxonomy":"pa_illustrator","href":"https:\/\/meestermokka.nl\/winkel\/wp-json\/wp\/v2\/pa_illustrator\/2941"},{"embeddable":true,"taxonomy":"pa_auteur","href":"https:\/\/meestermokka.nl\/winkel\/wp-json\/wp\/v2\/pa_auteur\/6359"}],"wp:featuredmedia":[{"embeddable":true,"href":"https:\/\/meestermokka.nl\/winkel\/wp-json\/wp\/v2\/media\/46964"}],"wp:attachment":[{"href":"https:\/\/meestermokka.nl\/winkel\/wp-json\/wp\/v2\/media?parent=18042"}],"wp:term":[{"taxonomy":"product_brand","embeddable":true,"href":"https:\/\/meestermokka.nl\/winkel\/wp-json\/wp\/v2\/product_brand?post=18042"},{"taxonomy":"product_cat","embeddable":true,"href":"https:\/\/meestermokka.nl\/winkel\/wp-json\/wp\/v2\/product_cat?post=18042"},{"taxonomy":"product_tag","embeddable":true,"href":"https:\/\/meestermokka.nl\/winkel\/wp-json\/wp\/v2\/product_tag?post=18042"}],"curies":[{"name":"wp","href":"https:\/\/api.w.org\/{rel}","templated":true}]}}