{"id":17131,"date":"2023-08-25T11:30:43","date_gmt":"2023-08-25T09:30:43","guid":{"rendered":"https:\/\/meestermokka.nl\/winkel\/product\/in-het-circus-met-bobbie\/"},"modified":"2026-03-17T22:50:07","modified_gmt":"2026-03-17T21:50:07","slug":"in-het-circus-met-bobbie","status":"publish","type":"product","link":"https:\/\/meestermokka.nl\/winkel\/product\/in-het-circus-met-bobbie\/","title":{"rendered":"In het circus met Bobbie"},"content":{"rendered":"<p>Een kijkboek vol kunstjes waar je ook naar kunt luisteren. Probeer het zelf maar! Voor luistervinkjes vanaf 2 jaar.Kom binnen, kom binnen! Het circus gaat beginnen! Bobbie en zijn hondje Trix spelen circus. Ze zijn muzikant, clown, leeuw, koorddanser \u00e9n goochelaar. Dat verdient een h\u00e9\u00e9l luid applaus.<\/p>\n","protected":false},"excerpt":{"rendered":"<p>Een kijkboek vol kunstjes waar je ook naar kunt luisteren. Probeer het zelf maar! Voor luistervinkjes vanaf 2 jaar.Kom binnen,<\/p>\n","protected":false},"featured_media":0,"comment_status":"open","ping_status":"closed","template":"","meta":{"_acf_changed":false},"product_brand":[],"product_cat":[18,19,37],"product_tag":[],"class_list":{"0":"post-17131","1":"product","2":"type-product","3":"status-publish","5":"product_cat-boeken","6":"product_cat-kinderboeken","7":"product_cat-kinderboeken-4","8":"product_shipping_class-pakket","10":"first","11":"instock","12":"taxable","13":"shipping-taxable","14":"purchasable","15":"product-type-simple"},"acf":{"auteur":false,"illustrator":false},"jetpack_sharing_enabled":true,"_links":{"self":[{"href":"https:\/\/meestermokka.nl\/winkel\/wp-json\/wp\/v2\/product\/17131","targetHints":{"allow":["GET"]}}],"collection":[{"href":"https:\/\/meestermokka.nl\/winkel\/wp-json\/wp\/v2\/product"}],"about":[{"href":"https:\/\/meestermokka.nl\/winkel\/wp-json\/wp\/v2\/types\/product"}],"replies":[{"embeddable":true,"href":"https:\/\/meestermokka.nl\/winkel\/wp-json\/wp\/v2\/comments?post=17131"}],"wp:attachment":[{"href":"https:\/\/meestermokka.nl\/winkel\/wp-json\/wp\/v2\/media?parent=17131"}],"wp:term":[{"taxonomy":"product_brand","embeddable":true,"href":"https:\/\/meestermokka.nl\/winkel\/wp-json\/wp\/v2\/product_brand?post=17131"},{"taxonomy":"product_cat","embeddable":true,"href":"https:\/\/meestermokka.nl\/winkel\/wp-json\/wp\/v2\/product_cat?post=17131"},{"taxonomy":"product_tag","embeddable":true,"href":"https:\/\/meestermokka.nl\/winkel\/wp-json\/wp\/v2\/product_tag?post=17131"}],"curies":[{"name":"wp","href":"https:\/\/api.w.org\/{rel}","templated":true}]}}