{"id":17076,"date":"2023-08-25T11:30:04","date_gmt":"2023-08-25T09:30:04","guid":{"rendered":"https:\/\/meestermokka.nl\/winkel\/product\/papa-2\/"},"modified":"2026-03-17T22:50:06","modified_gmt":"2026-03-17T21:50:06","slug":"papa-2","status":"publish","type":"product","link":"https:\/\/meestermokka.nl\/winkel\/product\/papa-2\/","title":{"rendered":"Papa"},"content":{"rendered":"<p>Als iemand me zegt,met een hoofdknik naar haar,\u2018Nu heb je ze zitten voor twintig jaar,\u2019heb ik zin om te reageren met \u2026\u2018Zo kort maar?\u2019 Een boek over en voor alle vaders op de wereld,en voor alle mensen die hen koesteren.In po\u00ebtische teksten van H\u00e9l\u00e8ne Delforgeen illustraties vol sfeer van Quentin Gr\u00e9bangeeft dit prentenboek een warme inkijkin de rijke wereld van het vaderschap.<\/p>\n","protected":false},"excerpt":{"rendered":"<p>Als iemand me zegt,met een hoofdknik naar haar,\u2018Nu heb je ze zitten voor twintig jaar,\u2019heb ik zin om te reageren<\/p>\n","protected":false},"featured_media":47184,"comment_status":"open","ping_status":"closed","template":"","meta":{"_acf_changed":false},"product_brand":[],"product_cat":[18,19,66],"product_tag":[],"class_list":{"0":"post-17076","1":"product","2":"type-product","3":"status-publish","4":"has-post-thumbnail","6":"product_cat-boeken","7":"product_cat-kinderboeken","8":"product_cat-kinderboeken-6","9":"product_shipping_class-pakket","11":"first","12":"instock","13":"taxable","14":"shipping-taxable","15":"purchasable","16":"product-type-simple"},"acf":{"auteur":false,"illustrator":false},"jetpack_sharing_enabled":true,"_links":{"self":[{"href":"https:\/\/meestermokka.nl\/winkel\/wp-json\/wp\/v2\/product\/17076","targetHints":{"allow":["GET"]}}],"collection":[{"href":"https:\/\/meestermokka.nl\/winkel\/wp-json\/wp\/v2\/product"}],"about":[{"href":"https:\/\/meestermokka.nl\/winkel\/wp-json\/wp\/v2\/types\/product"}],"replies":[{"embeddable":true,"href":"https:\/\/meestermokka.nl\/winkel\/wp-json\/wp\/v2\/comments?post=17076"}],"wp:featuredmedia":[{"embeddable":true,"href":"https:\/\/meestermokka.nl\/winkel\/wp-json\/wp\/v2\/media\/47184"}],"wp:attachment":[{"href":"https:\/\/meestermokka.nl\/winkel\/wp-json\/wp\/v2\/media?parent=17076"}],"wp:term":[{"taxonomy":"product_brand","embeddable":true,"href":"https:\/\/meestermokka.nl\/winkel\/wp-json\/wp\/v2\/product_brand?post=17076"},{"taxonomy":"product_cat","embeddable":true,"href":"https:\/\/meestermokka.nl\/winkel\/wp-json\/wp\/v2\/product_cat?post=17076"},{"taxonomy":"product_tag","embeddable":true,"href":"https:\/\/meestermokka.nl\/winkel\/wp-json\/wp\/v2\/product_tag?post=17076"}],"curies":[{"name":"wp","href":"https:\/\/api.w.org\/{rel}","templated":true}]}}