{"id":1697,"date":"2023-04-23T22:38:02","date_gmt":"2023-04-23T20:38:02","guid":{"rendered":"https:\/\/meestermokka.nl\/winkel\/product\/partystress\/"},"modified":"2026-03-17T22:48:14","modified_gmt":"2026-03-17T21:48:14","slug":"partystress","status":"publish","type":"product","link":"https:\/\/meestermokka.nl\/winkel\/product\/partystress\/","title":{"rendered":"Partystress!"},"content":{"rendered":"<p><i>Partystress!<\/i> is deel 13 in de populaire en supergrappige serie Dagboek van een muts van Rachel Ren\u00e9e Russell. Met in de hoofdrol blunderkoningin Nikki Maxwell. Voor meiden vanaf circa 10 jaar.<\/p>\n<p>Nog een paar nachtjes slapen en dan is Nikki jarig! Samen met haar BFF\u2019s Chlo\u00eb en Zoey bedenkt Nikki een waanzinnig cool verjaardagsfeest. Iedereen zal er nog weken over praten! Er is alleen \u00e9\u00e9n probleem: volgens haar moeder is hun plan v\u00e9\u00e9l te duur. PARTYSTRESS!<br \/>Nikki dreigt het feest te moeten afblazen, maar dan krijgt ze hulp uit onverwachte hoek. Wordt het toch een feest om NOOIT te vergeten?<\/p>\n","protected":false},"excerpt":{"rendered":"<p>Partystress! is deel 13 in de populaire en supergrappige serie Dagboek van een muts van Rachel Ren\u00e9e Russell. Met in<\/p>\n","protected":false},"featured_media":32231,"comment_status":"open","ping_status":"closed","template":"","meta":{"_acf_changed":false},"product_brand":[],"product_cat":[18,19,51],"product_tag":[],"class_list":{"0":"post-1697","1":"product","2":"type-product","3":"status-publish","4":"has-post-thumbnail","6":"product_cat-boeken","7":"product_cat-kinderboeken","8":"product_cat-kinderboeken-10","9":"product_shipping_class-pakket","11":"first","12":"instock","13":"taxable","14":"shipping-taxable","15":"purchasable","16":"product-type-simple"},"acf":{"auteur":false,"illustrator":false},"jetpack_sharing_enabled":true,"_links":{"self":[{"href":"https:\/\/meestermokka.nl\/winkel\/wp-json\/wp\/v2\/product\/1697","targetHints":{"allow":["GET"]}}],"collection":[{"href":"https:\/\/meestermokka.nl\/winkel\/wp-json\/wp\/v2\/product"}],"about":[{"href":"https:\/\/meestermokka.nl\/winkel\/wp-json\/wp\/v2\/types\/product"}],"replies":[{"embeddable":true,"href":"https:\/\/meestermokka.nl\/winkel\/wp-json\/wp\/v2\/comments?post=1697"}],"wp:featuredmedia":[{"embeddable":true,"href":"https:\/\/meestermokka.nl\/winkel\/wp-json\/wp\/v2\/media\/32231"}],"wp:attachment":[{"href":"https:\/\/meestermokka.nl\/winkel\/wp-json\/wp\/v2\/media?parent=1697"}],"wp:term":[{"taxonomy":"product_brand","embeddable":true,"href":"https:\/\/meestermokka.nl\/winkel\/wp-json\/wp\/v2\/product_brand?post=1697"},{"taxonomy":"product_cat","embeddable":true,"href":"https:\/\/meestermokka.nl\/winkel\/wp-json\/wp\/v2\/product_cat?post=1697"},{"taxonomy":"product_tag","embeddable":true,"href":"https:\/\/meestermokka.nl\/winkel\/wp-json\/wp\/v2\/product_tag?post=1697"}],"curies":[{"name":"wp","href":"https:\/\/api.w.org\/{rel}","templated":true}]}}