{"id":136560,"date":"2026-04-17T09:02:19","date_gmt":"2026-04-17T08:02:19","guid":{"rendered":"https:\/\/meestermokka.nl\/winkel\/product\/wat-blijft-is-van-ons\/"},"modified":"2026-04-17T09:02:19","modified_gmt":"2026-04-17T08:02:19","slug":"wat-blijft-is-van-ons","status":"publish","type":"product","link":"https:\/\/meestermokka.nl\/winkel\/product\/wat-blijft-is-van-ons\/","title":{"rendered":"Wat blijft is van ons"},"content":{"rendered":"<p><strong>Ontroerende, magische feelgoodroman over tweede kansen<\/p>\n<p><\/strong>Lo\u00efs zit op de kunstacademie, net als de lieve en vrolijke Giel, die zo blij wakker wordt sinds hij haar kent. Ook al vinden ze elkaar leuk, toch houdt ze hem op afstand, want niemand mag haar goed verborgen geheim weten.<\/p>\n<p>Gelukkig ontstaat er toch iets moois tussen Lo\u00efs en Giel. Lo\u00efs vindt het doodeng en geweldig tegelijk. Liefde is helemaal niet zo moeilijk als ze altijd dacht, maar haar geheim blijft voor afstand zorgen.<\/p>\n<p>Als ze een nieuwe studentenkamer krijgt bij een oude dame in huis, gebeuren er plotseling vreemde dingen: zo kan Lo\u00efs prachtig pianospelen, terwijl ze dat nooit heeft geleerd. En dan, wanneer Giel het onvermijdelijke ontdekt, valt Lo\u00efs van de trap en wordt alles anders. Alles. Lo\u00efs krijgt de kans om haar verleden, en daarmee haar geheim, te veranderen. Maar tegen welke prijs?<\/p>\n<p>&#8216;Wat blijft is van ons&#8217; is een ontroerende feelgoodroman met een vleugje mysterie en magie, over geheimen, tweede kansen en liefde die alles overwint. Voor fans van boeken met de thematiek van &#8216;De middernachtbibliotheek&#8217; en voor iedereen die graag leest met een lach en een traan.<\/p>\n<p>&#160;<\/p>\n<p><\/p>\n<p><\/p>\n","protected":false},"excerpt":{"rendered":"<p>Ontroerende, magische feelgoodroman over tweede kansen Lo\u00efs zit op de kunstacademie, net als de lieve en vrolijke Giel, die zo<\/p>\n","protected":false},"featured_media":136558,"comment_status":"open","ping_status":"closed","template":"","meta":{"_acf_changed":false},"product_brand":[],"product_cat":[18,59,60],"product_tag":[],"class_list":{"0":"post-136560","1":"product","2":"type-product","3":"status-publish","4":"has-post-thumbnail","6":"product_cat-boeken","7":"product_cat-boeken-voor-grote-mensen","8":"product_cat-volwassenen","9":"product_shipping_class-pakket","10":"pa_auteur-iris-boter","11":"pa_uitgever-uitgeverij-unieboek-het-spectrum","13":"first","14":"instock","15":"taxable","16":"shipping-taxable","17":"purchasable","18":"product-type-simple"},"acf":{"auteur":[1643],"illustrator":false},"jetpack_sharing_enabled":true,"_links":{"self":[{"href":"https:\/\/meestermokka.nl\/winkel\/wp-json\/wp\/v2\/product\/136560","targetHints":{"allow":["GET"]}}],"collection":[{"href":"https:\/\/meestermokka.nl\/winkel\/wp-json\/wp\/v2\/product"}],"about":[{"href":"https:\/\/meestermokka.nl\/winkel\/wp-json\/wp\/v2\/types\/product"}],"replies":[{"embeddable":true,"href":"https:\/\/meestermokka.nl\/winkel\/wp-json\/wp\/v2\/comments?post=136560"}],"acf:term":[{"embeddable":true,"taxonomy":"pa_auteur","href":"https:\/\/meestermokka.nl\/winkel\/wp-json\/wp\/v2\/pa_auteur\/1643"}],"wp:featuredmedia":[{"embeddable":true,"href":"https:\/\/meestermokka.nl\/winkel\/wp-json\/wp\/v2\/media\/136558"}],"wp:attachment":[{"href":"https:\/\/meestermokka.nl\/winkel\/wp-json\/wp\/v2\/media?parent=136560"}],"wp:term":[{"taxonomy":"product_brand","embeddable":true,"href":"https:\/\/meestermokka.nl\/winkel\/wp-json\/wp\/v2\/product_brand?post=136560"},{"taxonomy":"product_cat","embeddable":true,"href":"https:\/\/meestermokka.nl\/winkel\/wp-json\/wp\/v2\/product_cat?post=136560"},{"taxonomy":"product_tag","embeddable":true,"href":"https:\/\/meestermokka.nl\/winkel\/wp-json\/wp\/v2\/product_tag?post=136560"}],"curies":[{"name":"wp","href":"https:\/\/api.w.org\/{rel}","templated":true}]}}