{"id":13482,"date":"2023-04-24T11:13:29","date_gmt":"2023-04-24T09:13:29","guid":{"rendered":"https:\/\/meestermokka.nl\/winkel\/product\/jonathan\/"},"modified":"2026-03-17T22:49:51","modified_gmt":"2026-03-17T21:49:51","slug":"jonathan","status":"publish","type":"product","link":"https:\/\/meestermokka.nl\/winkel\/product\/jonathan\/","title":{"rendered":"Jonathan"},"content":{"rendered":"<p>Jonathan is het dapperste eendje dat je ooit zult tegenkomen. Een dapper eendje met een grote droom: hij wil in het circus werken. Hij kan namelijk een Kunst.<\/p>\n<p><em>Jonathan klom op zijn koffertje. Wankelend ging hij op \u00e9\u00e9n poot staan. En toen stak hij h\u00e9\u00e9l voorzichtig zijn andere pootje de lucht in. &#160;<br \/>\u2018Eh&#8230; juist.\u2019 De dromedaris kuchte. \u2018Een kunst. Ik denk&#8230;\u2019<br \/>\u2018O, mevrouw!\u2019 zei Jonathan. \u2018Ik heb z\u00f3 hard geoefend! Ik wil z\u00f3 graag bij het circus! Alstublieft?\u2019 <br \/>De dromedaris keek naar Jonathans rode laarsjes, naar de grijze lucht en zuchtte. \u2018Nou vooruit. Je mag het proberen bij Toets. Rechtsom langs de piste, en dan achter het rode gordijn.\u2019<\/em><\/p>\n<p>Wat Jonathan ook probeert in het circus, hij is niet geschikt: niet als krokodillen-temmer, niet als acrobaat, niet als levende kanonskogel, zelfs niet als poedel. Maar uiteindelijk willen de circusdieren hem niet meer kwijt&#8230;<br \/>En dat snap je als je hem ziet!<\/p>\n<p><\/p>\n","protected":false},"excerpt":{"rendered":"<p>Jonathan is het dapperste eendje dat je ooit zult tegenkomen. Een dapper eendje met een grote droom: hij wil in<\/p>\n","protected":false},"featured_media":24416,"comment_status":"open","ping_status":"closed","template":"","meta":{"_acf_changed":false},"product_brand":[],"product_cat":[18,19,37],"product_tag":[],"class_list":{"0":"post-13482","1":"product","2":"type-product","3":"status-publish","4":"has-post-thumbnail","6":"product_cat-boeken","7":"product_cat-kinderboeken","8":"product_cat-kinderboeken-4","9":"product_shipping_class-pakket","11":"first","12":"instock","13":"taxable","14":"shipping-taxable","15":"purchasable","16":"product-type-simple"},"acf":{"auteur":false,"illustrator":false},"jetpack_sharing_enabled":true,"_links":{"self":[{"href":"https:\/\/meestermokka.nl\/winkel\/wp-json\/wp\/v2\/product\/13482","targetHints":{"allow":["GET"]}}],"collection":[{"href":"https:\/\/meestermokka.nl\/winkel\/wp-json\/wp\/v2\/product"}],"about":[{"href":"https:\/\/meestermokka.nl\/winkel\/wp-json\/wp\/v2\/types\/product"}],"replies":[{"embeddable":true,"href":"https:\/\/meestermokka.nl\/winkel\/wp-json\/wp\/v2\/comments?post=13482"}],"wp:featuredmedia":[{"embeddable":true,"href":"https:\/\/meestermokka.nl\/winkel\/wp-json\/wp\/v2\/media\/24416"}],"wp:attachment":[{"href":"https:\/\/meestermokka.nl\/winkel\/wp-json\/wp\/v2\/media?parent=13482"}],"wp:term":[{"taxonomy":"product_brand","embeddable":true,"href":"https:\/\/meestermokka.nl\/winkel\/wp-json\/wp\/v2\/product_brand?post=13482"},{"taxonomy":"product_cat","embeddable":true,"href":"https:\/\/meestermokka.nl\/winkel\/wp-json\/wp\/v2\/product_cat?post=13482"},{"taxonomy":"product_tag","embeddable":true,"href":"https:\/\/meestermokka.nl\/winkel\/wp-json\/wp\/v2\/product_tag?post=13482"}],"curies":[{"name":"wp","href":"https:\/\/api.w.org\/{rel}","templated":true}]}}