{"id":12297,"date":"2023-04-24T10:31:12","date_gmt":"2023-04-24T08:31:12","guid":{"rendered":"https:\/\/meestermokka.nl\/winkel\/product\/bobbi-de-allerliefste-papa\/"},"modified":"2026-03-17T22:49:36","modified_gmt":"2026-03-17T21:49:36","slug":"bobbi-de-allerliefste-papa","status":"publish","type":"product","link":"https:\/\/meestermokka.nl\/winkel\/product\/bobbi-de-allerliefste-papa\/","title":{"rendered":"Bobbi de allerliefste papa"},"content":{"rendered":"<p>Het perfecte cadeau voor vaderdag<br \/>\nMooi kraamcadeautje<\/p>\n<p>Papa doet een voetbaltrucje.<br \/>\nHij tikt de bal steeds in de lucht.<br \/>\n&#8216;Mijn papa is de allerbeste,&#8217;<br \/>\nfluistert Bobbi met een zucht. <\/p>\n<p>Wat ruikt Bobbi in de keuken?<br \/>\n&#8216;Pannenkoeken!&#8217; roept hij blij.<br \/>\n&#8216;Die van papa zijn het lekkerst.<br \/>\nE\u00e9n voor Ollie, \u00e9\u00e9n voor mij.&#8217;<\/p>\n","protected":false},"excerpt":{"rendered":"<p>Het perfecte cadeau voor vaderdag Mooi kraamcadeautje Papa doet een voetbaltrucje. Hij tikt de bal steeds in de lucht. &#8216;Mijn<\/p>\n","protected":false},"featured_media":25171,"comment_status":"open","ping_status":"closed","template":"","meta":{"_acf_changed":false},"product_brand":[],"product_cat":[18,19,65],"product_tag":[],"class_list":{"0":"post-12297","1":"product","2":"type-product","3":"status-publish","4":"has-post-thumbnail","6":"product_cat-boeken","7":"product_cat-kinderboeken","8":"product_cat-kinderboeken-2","9":"product_shipping_class-pakket","10":"pa_auteur-monica-maas","11":"pa_uitgever-kluitman-alkmaar-b-v-uitgeverij","13":"first","14":"instock","15":"taxable","16":"shipping-taxable","17":"purchasable","18":"product-type-simple"},"acf":{"auteur":[79],"illustrator":false},"jetpack_sharing_enabled":true,"_links":{"self":[{"href":"https:\/\/meestermokka.nl\/winkel\/wp-json\/wp\/v2\/product\/12297","targetHints":{"allow":["GET"]}}],"collection":[{"href":"https:\/\/meestermokka.nl\/winkel\/wp-json\/wp\/v2\/product"}],"about":[{"href":"https:\/\/meestermokka.nl\/winkel\/wp-json\/wp\/v2\/types\/product"}],"replies":[{"embeddable":true,"href":"https:\/\/meestermokka.nl\/winkel\/wp-json\/wp\/v2\/comments?post=12297"}],"acf:term":[{"embeddable":true,"taxonomy":"pa_auteur","href":"https:\/\/meestermokka.nl\/winkel\/wp-json\/wp\/v2\/pa_auteur\/79"}],"wp:featuredmedia":[{"embeddable":true,"href":"https:\/\/meestermokka.nl\/winkel\/wp-json\/wp\/v2\/media\/25171"}],"wp:attachment":[{"href":"https:\/\/meestermokka.nl\/winkel\/wp-json\/wp\/v2\/media?parent=12297"}],"wp:term":[{"taxonomy":"product_brand","embeddable":true,"href":"https:\/\/meestermokka.nl\/winkel\/wp-json\/wp\/v2\/product_brand?post=12297"},{"taxonomy":"product_cat","embeddable":true,"href":"https:\/\/meestermokka.nl\/winkel\/wp-json\/wp\/v2\/product_cat?post=12297"},{"taxonomy":"product_tag","embeddable":true,"href":"https:\/\/meestermokka.nl\/winkel\/wp-json\/wp\/v2\/product_tag?post=12297"}],"curies":[{"name":"wp","href":"https:\/\/api.w.org\/{rel}","templated":true}]}}