{"id":1212,"date":"2023-04-23T21:21:24","date_gmt":"2023-04-23T20:21:24","guid":{"rendered":"https:\/\/meestermokka.nl\/winkel\/product\/alle-kleuters\/"},"modified":"2026-04-18T11:42:18","modified_gmt":"2026-04-18T10:42:18","slug":"alle-kleuters","status":"publish","type":"product","link":"https:\/\/meestermokka.nl\/winkel\/product\/alle-kleuters\/","title":{"rendered":"Alle kleuters!"},"content":{"rendered":"<p>Wie kent ze niet: Iris en Michiel, Mark en Eefje, Bram en Ollie, Rik en Roosje en de kleuters van de Grote Beer. Carry Slee schreef in haar carri\u00e8re ontzettend veel grappige, ontroerende en spannende verhalen voor kleuters. En wat is er leuker dan \u00e9\u00e9n bundel met al deze verhalen?! Inclusief heel veel nieuwe illustraties van Eefje Kuijl!<\/p>\n","protected":false},"excerpt":{"rendered":"<p>Wie kent ze niet: Iris en Michiel, Mark en Eefje, Bram en Ollie, Rik en Roosje en de kleuters van<\/p>\n","protected":false},"featured_media":31993,"comment_status":"open","ping_status":"closed","template":"","meta":{"_acf_changed":false},"product_brand":[],"product_cat":[18,19,37],"product_tag":[],"class_list":{"0":"post-1212","1":"product","2":"type-product","3":"status-publish","4":"has-post-thumbnail","6":"product_cat-boeken","7":"product_cat-kinderboeken","8":"product_cat-kinderboeken-4","9":"product_shipping_class-pakket","10":"pa_auteur-carry-slee","11":"pa_illustrator-eefje-kuijl","12":"pa_uitgever-overamstel-uitgevers","14":"first","15":"instock","16":"taxable","17":"shipping-taxable","18":"purchasable","19":"product-type-simple"},"acf":{"auteur":[711],"illustrator":[712]},"jetpack_sharing_enabled":true,"_links":{"self":[{"href":"https:\/\/meestermokka.nl\/winkel\/wp-json\/wp\/v2\/product\/1212","targetHints":{"allow":["GET"]}}],"collection":[{"href":"https:\/\/meestermokka.nl\/winkel\/wp-json\/wp\/v2\/product"}],"about":[{"href":"https:\/\/meestermokka.nl\/winkel\/wp-json\/wp\/v2\/types\/product"}],"replies":[{"embeddable":true,"href":"https:\/\/meestermokka.nl\/winkel\/wp-json\/wp\/v2\/comments?post=1212"}],"acf:term":[{"embeddable":true,"taxonomy":"pa_illustrator","href":"https:\/\/meestermokka.nl\/winkel\/wp-json\/wp\/v2\/pa_illustrator\/712"},{"embeddable":true,"taxonomy":"pa_auteur","href":"https:\/\/meestermokka.nl\/winkel\/wp-json\/wp\/v2\/pa_auteur\/711"}],"wp:featuredmedia":[{"embeddable":true,"href":"https:\/\/meestermokka.nl\/winkel\/wp-json\/wp\/v2\/media\/31993"}],"wp:attachment":[{"href":"https:\/\/meestermokka.nl\/winkel\/wp-json\/wp\/v2\/media?parent=1212"}],"wp:term":[{"taxonomy":"product_brand","embeddable":true,"href":"https:\/\/meestermokka.nl\/winkel\/wp-json\/wp\/v2\/product_brand?post=1212"},{"taxonomy":"product_cat","embeddable":true,"href":"https:\/\/meestermokka.nl\/winkel\/wp-json\/wp\/v2\/product_cat?post=1212"},{"taxonomy":"product_tag","embeddable":true,"href":"https:\/\/meestermokka.nl\/winkel\/wp-json\/wp\/v2\/product_tag?post=1212"}],"curies":[{"name":"wp","href":"https:\/\/api.w.org\/{rel}","templated":true}]}}