{"id":119491,"date":"2026-03-17T16:02:01","date_gmt":"2026-03-17T15:02:01","guid":{"rendered":"https:\/\/meestermokka.nl\/winkel\/product\/ik-leer-kleuren-lezen-schrijven\/"},"modified":"2026-03-18T08:20:02","modified_gmt":"2026-03-18T07:20:02","slug":"ik-leer-kleuren-lezen-schrijven","status":"publish","type":"product","link":"https:\/\/meestermokka.nl\/winkel\/product\/ik-leer-kleuren-lezen-schrijven\/","title":{"rendered":"ik leer kleuren, lezen, schrijven"},"content":{"rendered":"<p><P>Dit is niet zomaar een kleurboek! Met Pompom en Loeloe in de hoofdrol leren kinderen \u00e9n kleuren \u00e9n lezen \u00e9n schrijven. De vrolijke kleurplaten spatten van de bladzijden af. Naast lekker kleuren, oefenen kinderen ook de letters en woorden van school schrijven \u00e9n lezen. Dit stimuleert spelenderwijs de fijne motoriek. Eindeloos kleur- en schrijfplezier gegarandeerd!<BR><BR><STRONG>Leerdoelen<\/STRONG>:<BR>\u2022 Oefenen van de fijne motoriek door middel van kleur- en schrijfopdrachten<BR>\u2022 Leren schrijven van letters in blokschrift<BR>\u2022 Leren lezen van letters <\/P><\/p>\n","protected":false},"excerpt":{"rendered":"<p>Dit is niet zomaar een kleurboek! Met Pompom en Loeloe in de hoofdrol leren kinderen \u00e9n kleuren \u00e9n lezen \u00e9n<\/p>\n","protected":false},"featured_media":119489,"comment_status":"open","ping_status":"closed","template":"","meta":{"_acf_changed":false},"product_brand":[],"product_cat":[18,19,51],"product_tag":[],"class_list":{"0":"post-119491","1":"product","2":"type-product","3":"status-publish","4":"has-post-thumbnail","6":"product_cat-boeken","7":"product_cat-kinderboeken","8":"product_cat-kinderboeken-10","9":"product_shipping_class-pakket","10":"pa_uitgever-zwijsen-uitgeverij","12":"first","13":"instock","14":"taxable","15":"shipping-taxable","16":"purchasable","17":"product-type-simple"},"acf":{"auteur":false,"illustrator":false},"jetpack_sharing_enabled":true,"_links":{"self":[{"href":"https:\/\/meestermokka.nl\/winkel\/wp-json\/wp\/v2\/product\/119491","targetHints":{"allow":["GET"]}}],"collection":[{"href":"https:\/\/meestermokka.nl\/winkel\/wp-json\/wp\/v2\/product"}],"about":[{"href":"https:\/\/meestermokka.nl\/winkel\/wp-json\/wp\/v2\/types\/product"}],"replies":[{"embeddable":true,"href":"https:\/\/meestermokka.nl\/winkel\/wp-json\/wp\/v2\/comments?post=119491"}],"wp:featuredmedia":[{"embeddable":true,"href":"https:\/\/meestermokka.nl\/winkel\/wp-json\/wp\/v2\/media\/119489"}],"wp:attachment":[{"href":"https:\/\/meestermokka.nl\/winkel\/wp-json\/wp\/v2\/media?parent=119491"}],"wp:term":[{"taxonomy":"product_brand","embeddable":true,"href":"https:\/\/meestermokka.nl\/winkel\/wp-json\/wp\/v2\/product_brand?post=119491"},{"taxonomy":"product_cat","embeddable":true,"href":"https:\/\/meestermokka.nl\/winkel\/wp-json\/wp\/v2\/product_cat?post=119491"},{"taxonomy":"product_tag","embeddable":true,"href":"https:\/\/meestermokka.nl\/winkel\/wp-json\/wp\/v2\/product_tag?post=119491"}],"curies":[{"name":"wp","href":"https:\/\/api.w.org\/{rel}","templated":true}]}}