{"id":118052,"date":"2026-03-13T09:30:28","date_gmt":"2026-03-13T08:30:28","guid":{"rendered":"https:\/\/meestermokka.nl\/winkel\/product\/hehe\/"},"modified":"2026-04-03T15:54:04","modified_gmt":"2026-04-03T14:54:04","slug":"hehe","status":"publish","type":"product","link":"https:\/\/meestermokka.nl\/winkel\/product\/hehe\/","title":{"rendered":"H\u00e8h\u00e8"},"content":{"rendered":"<p>In <i>H\u00e8h\u00e8<\/i> onderzoekt Paulien Cornelisse de essentie van de Nederlandse taal. Ze bestudeert woorden die we voortdurend gebruiken zonder dat we ons ervan bewust zijn. Wat bedoelen we met woorden als &#8216;even, &#8216;gewoon&#8217; en &#8216;soms&#8217;? En wat zeggen die woorden over ons?<\/p>\n<p>Met humor en enthousiasme stort Paulien Cornelisse zich op bijzonder gewone woorden, culminerend in een diepgravend onderzoek naar &#8216;h\u00e8h\u00e8&#8217;. <\/p>\n<p><i>&#8216;Aanstekelijk, geestig \u00e9n leerzaam. Misschien wel het leukste boekje dat ik ooit heb gelezen over &#8220;m&#8217;n moerstaal&#8221;.&#8217;<\/i><\/p>\n","protected":false},"excerpt":{"rendered":"<p>In H\u00e8h\u00e8 onderzoekt Paulien Cornelisse de essentie van de Nederlandse taal. Ze bestudeert woorden die we voortdurend gebruiken zonder dat<\/p>\n","protected":false},"featured_media":118051,"comment_status":"open","ping_status":"closed","template":"","meta":{"_acf_changed":false},"product_brand":[],"product_cat":[18,59,60],"product_tag":[],"class_list":{"0":"post-118052","1":"product","2":"type-product","3":"status-publish","4":"has-post-thumbnail","6":"product_cat-boeken","7":"product_cat-boeken-voor-grote-mensen","8":"product_cat-volwassenen","9":"product_shipping_class-pakket","10":"pa_auteur-paulien-cornelisse","11":"pa_uitgever-uitgeverij-cornelisse","13":"first","14":"outofstock","15":"taxable","16":"shipping-taxable","17":"purchasable","18":"product-type-simple"},"acf":{"auteur":[8585],"illustrator":false},"jetpack_sharing_enabled":true,"_links":{"self":[{"href":"https:\/\/meestermokka.nl\/winkel\/wp-json\/wp\/v2\/product\/118052","targetHints":{"allow":["GET"]}}],"collection":[{"href":"https:\/\/meestermokka.nl\/winkel\/wp-json\/wp\/v2\/product"}],"about":[{"href":"https:\/\/meestermokka.nl\/winkel\/wp-json\/wp\/v2\/types\/product"}],"replies":[{"embeddable":true,"href":"https:\/\/meestermokka.nl\/winkel\/wp-json\/wp\/v2\/comments?post=118052"}],"acf:term":[{"embeddable":true,"taxonomy":"pa_auteur","href":"https:\/\/meestermokka.nl\/winkel\/wp-json\/wp\/v2\/pa_auteur\/8585"}],"wp:featuredmedia":[{"embeddable":true,"href":"https:\/\/meestermokka.nl\/winkel\/wp-json\/wp\/v2\/media\/118051"}],"wp:attachment":[{"href":"https:\/\/meestermokka.nl\/winkel\/wp-json\/wp\/v2\/media?parent=118052"}],"wp:term":[{"taxonomy":"product_brand","embeddable":true,"href":"https:\/\/meestermokka.nl\/winkel\/wp-json\/wp\/v2\/product_brand?post=118052"},{"taxonomy":"product_cat","embeddable":true,"href":"https:\/\/meestermokka.nl\/winkel\/wp-json\/wp\/v2\/product_cat?post=118052"},{"taxonomy":"product_tag","embeddable":true,"href":"https:\/\/meestermokka.nl\/winkel\/wp-json\/wp\/v2\/product_tag?post=118052"}],"curies":[{"name":"wp","href":"https:\/\/api.w.org\/{rel}","templated":true}]}}