{"id":115201,"date":"2026-03-03T09:01:47","date_gmt":"2026-03-03T08:01:47","guid":{"rendered":"https:\/\/meestermokka.nl\/winkel\/product\/nijntje-vensterboek-oogjes-open-oogjes-dicht\/"},"modified":"2026-04-03T14:06:05","modified_gmt":"2026-04-03T13:06:05","slug":"nijntje-vensterboek-oogjes-open-oogjes-dicht","status":"publish","type":"product","link":"https:\/\/meestermokka.nl\/winkel\/product\/nijntje-vensterboek-oogjes-open-oogjes-dicht\/","title":{"rendered":"nijntje vensterboek, oogjes open oogjes dicht"},"content":{"rendered":"<p>Na een dag spelen is nijntje moe en vallen haar oogjes langzaam dicht. Ook haar vriendjes zijn slaperig geworden van al hun avonturen. Als je de pagina&#8217;s omslaat zie je hoe ze \u00e9\u00e9n voor \u00e9\u00e9n hun ogen sluiten.<\/p>\n<p>Het lamellenvenster in dit stevige kartonboek zorgt op elke pagina voor een verrassingseffect: de oogjes gaan van open naar dicht. Leuk om steeds opnieuw te bekijken.<\/p>\n","protected":false},"excerpt":{"rendered":"<p>Na een dag spelen is nijntje moe en vallen haar oogjes langzaam dicht. Ook haar vriendjes zijn slaperig geworden van<\/p>\n","protected":false},"featured_media":115199,"comment_status":"open","ping_status":"closed","template":"","meta":{"_acf_changed":false},"product_brand":[],"product_cat":[18,64,19],"product_tag":[],"class_list":{"0":"post-115201","1":"product","2":"type-product","3":"status-publish","4":"has-post-thumbnail","6":"product_cat-boeken","7":"product_cat-diversen","8":"product_cat-kinderboeken","9":"product_shipping_class-pakket","11":"first","12":"instock","13":"taxable","14":"shipping-taxable","15":"purchasable","16":"product-type-simple"},"acf":{"auteur":false,"illustrator":false},"jetpack_sharing_enabled":true,"_links":{"self":[{"href":"https:\/\/meestermokka.nl\/winkel\/wp-json\/wp\/v2\/product\/115201","targetHints":{"allow":["GET"]}}],"collection":[{"href":"https:\/\/meestermokka.nl\/winkel\/wp-json\/wp\/v2\/product"}],"about":[{"href":"https:\/\/meestermokka.nl\/winkel\/wp-json\/wp\/v2\/types\/product"}],"replies":[{"embeddable":true,"href":"https:\/\/meestermokka.nl\/winkel\/wp-json\/wp\/v2\/comments?post=115201"}],"wp:featuredmedia":[{"embeddable":true,"href":"https:\/\/meestermokka.nl\/winkel\/wp-json\/wp\/v2\/media\/115199"}],"wp:attachment":[{"href":"https:\/\/meestermokka.nl\/winkel\/wp-json\/wp\/v2\/media?parent=115201"}],"wp:term":[{"taxonomy":"product_brand","embeddable":true,"href":"https:\/\/meestermokka.nl\/winkel\/wp-json\/wp\/v2\/product_brand?post=115201"},{"taxonomy":"product_cat","embeddable":true,"href":"https:\/\/meestermokka.nl\/winkel\/wp-json\/wp\/v2\/product_cat?post=115201"},{"taxonomy":"product_tag","embeddable":true,"href":"https:\/\/meestermokka.nl\/winkel\/wp-json\/wp\/v2\/product_tag?post=115201"}],"curies":[{"name":"wp","href":"https:\/\/api.w.org\/{rel}","templated":true}]}}