{"id":112769,"date":"2026-02-14T15:12:06","date_gmt":"2026-02-14T14:12:06","guid":{"rendered":"https:\/\/meestermokka.nl\/winkel\/product\/het-grote-boek-van-kit-en-kaat\/"},"modified":"2026-04-21T08:03:14","modified_gmt":"2026-04-21T07:03:14","slug":"het-grote-boek-van-kit-en-kaat","status":"publish","type":"product","link":"https:\/\/meestermokka.nl\/winkel\/product\/het-grote-boek-van-kit-en-kaat\/","title":{"rendered":"Het grote boek van Kit en Kaat"},"content":{"rendered":"<p>Kit en Kaat zijn dol op bakken.<br \/>Kit maakt lekkere taarten,<br \/>en Kaat versiert ze heel mooi.<br \/>De vriendinnen maken van alles mee.<br \/>Ze bakken voor oma en voor tante Biet.<br \/>Ook doen ze mee aan een bakwedstrijd.<br \/>Lees alles over Kit en Kaat!<\/p>\n<p>Meiden, vriendschap en bakken \u2026 De perfecte ingredi\u00ebnten voor een superdik boek met drie grappige verhalen over de beste vriendinnen Kit en Kaat. Ze maken van alles mee, maar naast hun grappige en herkenbare avonturen bakken de meiden ook veel lekkers. Zo bakken ze voor oma, maken stiekem een bruidstaart en doen zelfs mee aan een verboden bakwedstrijd! Zullen ze die wedstrijd winnen? <\/p>\n<p>In het boek staan recepten om lekker zelf mee aan de slag te gaan. Deze dikke verhalenbundel is geschreven door Jolanda Horsten en aansprekend ge\u00efllustreerd door H\u00e9l\u00e8ne Jorna. Goed voor urenlang leesplezier voor lezers van 6 tot 8 jaar, geschreven op AVI M4.<\/p>\n","protected":false},"excerpt":{"rendered":"<p>Kit en Kaat zijn dol op bakken.Kit maakt lekkere taarten,en Kaat versiert ze heel mooi.De vriendinnen maken van alles mee.Ze<\/p>\n","protected":false},"featured_media":112767,"comment_status":"open","ping_status":"closed","template":"","meta":{"_acf_changed":false},"product_brand":[],"product_cat":[18,19,20],"product_tag":[],"class_list":{"0":"post-112769","1":"product","2":"type-product","3":"status-publish","4":"has-post-thumbnail","6":"product_cat-boeken","7":"product_cat-kinderboeken","8":"product_cat-leren-lezen","9":"product_shipping_class-pakket","11":"first","12":"instock","13":"taxable","14":"shipping-taxable","15":"purchasable","16":"product-type-simple"},"acf":{"auteur":false,"illustrator":false},"jetpack_sharing_enabled":true,"_links":{"self":[{"href":"https:\/\/meestermokka.nl\/winkel\/wp-json\/wp\/v2\/product\/112769","targetHints":{"allow":["GET"]}}],"collection":[{"href":"https:\/\/meestermokka.nl\/winkel\/wp-json\/wp\/v2\/product"}],"about":[{"href":"https:\/\/meestermokka.nl\/winkel\/wp-json\/wp\/v2\/types\/product"}],"replies":[{"embeddable":true,"href":"https:\/\/meestermokka.nl\/winkel\/wp-json\/wp\/v2\/comments?post=112769"}],"wp:featuredmedia":[{"embeddable":true,"href":"https:\/\/meestermokka.nl\/winkel\/wp-json\/wp\/v2\/media\/112767"}],"wp:attachment":[{"href":"https:\/\/meestermokka.nl\/winkel\/wp-json\/wp\/v2\/media?parent=112769"}],"wp:term":[{"taxonomy":"product_brand","embeddable":true,"href":"https:\/\/meestermokka.nl\/winkel\/wp-json\/wp\/v2\/product_brand?post=112769"},{"taxonomy":"product_cat","embeddable":true,"href":"https:\/\/meestermokka.nl\/winkel\/wp-json\/wp\/v2\/product_cat?post=112769"},{"taxonomy":"product_tag","embeddable":true,"href":"https:\/\/meestermokka.nl\/winkel\/wp-json\/wp\/v2\/product_tag?post=112769"}],"curies":[{"name":"wp","href":"https:\/\/api.w.org\/{rel}","templated":true}]}}