{"id":112662,"date":"2026-02-14T15:07:25","date_gmt":"2026-02-14T14:07:25","guid":{"rendered":"https:\/\/meestermokka.nl\/winkel\/product\/de-jongen-die-draken-kweekte\/"},"modified":"2026-03-20T09:09:12","modified_gmt":"2026-03-20T08:09:12","slug":"de-jongen-die-draken-kweekte","status":"publish","type":"product","link":"https:\/\/meestermokka.nl\/winkel\/product\/de-jongen-die-draken-kweekte\/","title":{"rendered":"De jongen die draken kweekte"},"content":{"rendered":"<p><P>Als Tomas zijn grootvader in de tuin helpt, ontdekt hij een rare plant. Het ding staat in de weg en ze besluiten het de volgende dag uit te gaan graven. Maar als Tomas die avond het grappige fruit van de plant mee naar huis neemt, komt er een echt draakje uit. Tomas heeft nu zijn eigen draak: Fikkie!<\/P><br \/>\n<P>Tomas zegt tegen niemand dat hij een draakje heeft. Maar het houden van een draakje is nog niet zo makkelijk. Want wat eet zo\u2019n diertje? Wat doe je aan die vlammen? En hoe houd je hem verborgen?<\/P><br \/>\n<P>En dan ziet hij dat aan de drakenfruitboom steeds meer vruchten groeien! Tomas wordt drakenkweker\u2026<\/P><br \/>\n<P>Dit geweldige, vrolijke, avontuurlijke verhaal is rijk ge\u00efllustreerd door Sara Ogilvie. En gelukkig komen er n\u00f3g twee boeken over Tomas en zijn draak, want wie dit boek uit heeft wil meteen m\u00e9\u00e9r lezen\u2026 \u00e9n een eigen draakje.<\/P><\/p>\n","protected":false},"excerpt":{"rendered":"<p>Als Tomas zijn grootvader in de tuin helpt, ontdekt hij een rare plant. Het ding staat in de weg en<\/p>\n","protected":false},"featured_media":112660,"comment_status":"open","ping_status":"closed","template":"","meta":{"_acf_changed":false},"product_brand":[],"product_cat":[18,19,71],"product_tag":[],"class_list":{"0":"post-112662","1":"product","2":"type-product","3":"status-publish","4":"has-post-thumbnail","6":"product_cat-boeken","7":"product_cat-kinderboeken","8":"product_cat-kinderboeken-8","9":"product_shipping_class-pakket","11":"first","12":"instock","13":"taxable","14":"shipping-taxable","15":"purchasable","16":"product-type-simple"},"acf":{"auteur":false,"illustrator":false},"jetpack_sharing_enabled":true,"_links":{"self":[{"href":"https:\/\/meestermokka.nl\/winkel\/wp-json\/wp\/v2\/product\/112662","targetHints":{"allow":["GET"]}}],"collection":[{"href":"https:\/\/meestermokka.nl\/winkel\/wp-json\/wp\/v2\/product"}],"about":[{"href":"https:\/\/meestermokka.nl\/winkel\/wp-json\/wp\/v2\/types\/product"}],"replies":[{"embeddable":true,"href":"https:\/\/meestermokka.nl\/winkel\/wp-json\/wp\/v2\/comments?post=112662"}],"wp:featuredmedia":[{"embeddable":true,"href":"https:\/\/meestermokka.nl\/winkel\/wp-json\/wp\/v2\/media\/112660"}],"wp:attachment":[{"href":"https:\/\/meestermokka.nl\/winkel\/wp-json\/wp\/v2\/media?parent=112662"}],"wp:term":[{"taxonomy":"product_brand","embeddable":true,"href":"https:\/\/meestermokka.nl\/winkel\/wp-json\/wp\/v2\/product_brand?post=112662"},{"taxonomy":"product_cat","embeddable":true,"href":"https:\/\/meestermokka.nl\/winkel\/wp-json\/wp\/v2\/product_cat?post=112662"},{"taxonomy":"product_tag","embeddable":true,"href":"https:\/\/meestermokka.nl\/winkel\/wp-json\/wp\/v2\/product_tag?post=112662"}],"curies":[{"name":"wp","href":"https:\/\/api.w.org\/{rel}","templated":true}]}}