{"id":111687,"date":"2026-02-13T23:04:05","date_gmt":"2026-02-13T22:04:05","guid":{"rendered":"https:\/\/meestermokka.nl\/winkel\/product\/elke-dag-een-vraag\/"},"modified":"2026-04-10T10:54:05","modified_gmt":"2026-04-10T09:54:05","slug":"elke-dag-een-vraag","status":"publish","type":"product","link":"https:\/\/meestermokka.nl\/winkel\/product\/elke-dag-een-vraag\/","title":{"rendered":"Elke dag een vraag"},"content":{"rendered":"<p>In &#8216;Elke dag een vraag&#8217; beantwoord je vijf jaar lang, elk jaar op dezelfde datum dezelfde vraag. Als je dit doet, heb je na die tijd een ontzettend leuk, persoonlijk naslagwerk. Het concept is eigenlijk heel simpel: het boek stelt je 365 vragen, \u00e9\u00e9n voor elke dag. Op elke pagina staan vijf vakken met elk vijf regels om de vraag in te beantwoorden, \u00e9\u00e9n vak voor \u00e9\u00e9n jaar. Je kunt dus volgen hoe je in vijf jaar tijd verandert en wat je allemaal meemaakt, doet, voelt en denkt. Een ideaal dagboek voor iedereen die geen lange verhalen wil schrijven en een geweldig boek om (jezelf) cadeau te geven \u00f3f krijgen.<\/p>\n","protected":false},"excerpt":{"rendered":"<p>In &#8216;Elke dag een vraag&#8217; beantwoord je vijf jaar lang, elk jaar op dezelfde datum dezelfde vraag. Als je dit<\/p>\n","protected":false},"featured_media":111685,"comment_status":"open","ping_status":"closed","template":"","meta":{"_acf_changed":false},"product_brand":[],"product_cat":[18,59,60],"product_tag":[],"class_list":{"0":"post-111687","1":"product","2":"type-product","3":"status-publish","4":"has-post-thumbnail","6":"product_cat-boeken","7":"product_cat-boeken-voor-grote-mensen","8":"product_cat-volwassenen","9":"product_shipping_class-pakket","11":"first","12":"instock","13":"taxable","14":"shipping-taxable","15":"purchasable","16":"product-type-simple"},"acf":{"auteur":false,"illustrator":false},"jetpack_sharing_enabled":true,"_links":{"self":[{"href":"https:\/\/meestermokka.nl\/winkel\/wp-json\/wp\/v2\/product\/111687","targetHints":{"allow":["GET"]}}],"collection":[{"href":"https:\/\/meestermokka.nl\/winkel\/wp-json\/wp\/v2\/product"}],"about":[{"href":"https:\/\/meestermokka.nl\/winkel\/wp-json\/wp\/v2\/types\/product"}],"replies":[{"embeddable":true,"href":"https:\/\/meestermokka.nl\/winkel\/wp-json\/wp\/v2\/comments?post=111687"}],"wp:featuredmedia":[{"embeddable":true,"href":"https:\/\/meestermokka.nl\/winkel\/wp-json\/wp\/v2\/media\/111685"}],"wp:attachment":[{"href":"https:\/\/meestermokka.nl\/winkel\/wp-json\/wp\/v2\/media?parent=111687"}],"wp:term":[{"taxonomy":"product_brand","embeddable":true,"href":"https:\/\/meestermokka.nl\/winkel\/wp-json\/wp\/v2\/product_brand?post=111687"},{"taxonomy":"product_cat","embeddable":true,"href":"https:\/\/meestermokka.nl\/winkel\/wp-json\/wp\/v2\/product_cat?post=111687"},{"taxonomy":"product_tag","embeddable":true,"href":"https:\/\/meestermokka.nl\/winkel\/wp-json\/wp\/v2\/product_tag?post=111687"}],"curies":[{"name":"wp","href":"https:\/\/api.w.org\/{rel}","templated":true}]}}